{"id":1829,"date":"2021-10-14T15:46:36","date_gmt":"2021-10-14T13:46:36","guid":{"rendered":"https:\/\/marta-belles.com\/politica-de-privacidad\/"},"modified":"2025-12-19T08:38:06","modified_gmt":"2025-12-19T07:38:06","slug":"politica-de-privacidad","status":"publish","type":"page","link":"https:\/\/marta-belles.com\/es\/politica-de-privacidad\/","title":{"rendered":"POL\u00cdTICA DE PRIVACIDAD"},"content":{"rendered":"\t\t<div data-elementor-type=\"wp-page\" data-elementor-id=\"1829\" class=\"elementor elementor-1829 elementor-38\" data-elementor-post-type=\"page\">\n\t\t\t\t<div class=\"elementor-element elementor-element-f7951c3 e-flex e-con-boxed e-con e-parent\" data-id=\"f7951c3\" data-element_type=\"container\" data-e-type=\"container\">\n\t\t\t\t\t<div class=\"e-con-inner\">\n\t\t\t\t<div class=\"elementor-element elementor-element-84bfe24 elementor-widget elementor-widget-heading\" data-id=\"84bfe24\" data-element_type=\"widget\" data-e-type=\"widget\" data-widget_type=\"heading.default\">\n\t\t\t\t<div class=\"elementor-widget-container\">\n\t\t\t\t\t<h1 class=\"elementor-heading-title elementor-size-default\">POL\u00cdTICA DE PRIVACIDAD<\/h1>\t\t\t\t<\/div>\n\t\t\t\t<\/div>\n\t\t\t\t<div class=\"elementor-element elementor-element-38da3dd elementor-widget elementor-widget-text-editor\" data-id=\"38da3dd\" data-element_type=\"widget\" data-e-type=\"widget\" data-widget_type=\"text-editor.default\">\n\t\t\t\t<div class=\"elementor-widget-container\">\n\t\t\t\t\t\t\t\t\t<h1 data-start=\"87\" data-end=\"107\"><strong data-start=\"89\" data-end=\"107\">POL\u00cdTICA DE PRIVACIDAD<\/strong><\/h1><p data-start=\"109\" data-end=\"373\">Si est\u00e1 aqu\u00ed, es porque desea saber m\u00e1s sobre las obligaciones y los derechos que le corresponden como usuario de este sitio web, , y eso es genial. Nuestro deber es informarle, y su deber es estar debidamente informado. <\/p><p data-start=\"375\" data-end=\"580\">En esta Pol\u00edtica de Privacidad, le informaremos de forma transparente sobre el prop\u00f3sito de este sitio web y todo lo que afecta a los datos que nos proporciona, as\u00ed como las obligaciones y los derechos que le corresponden.<\/p><p data-start=\"582\" data-end=\"867\">Para empezar, debe saber que este sitio web cumple con la normativa vigente en materia de protecci\u00f3n de datos, lo que afecta a los datos personales que nos proporciona con su <strong data-start=\"749\" data-end=\"768\">consentimiento expreso<\/strong>, as\u00ed como a las cookies que utilizamos para que este sitio web funcione correctamente y lleve a cabo sus actividades.<\/p><p data-start=\"869\" data-end=\"936\">En concreto, este sitio web cumple con las siguientes normativas:<\/p><ul data-start=\"938\" data-end=\"1530\"><li data-start=\"938\" data-end=\"1156\"><p data-start=\"940\" data-end=\"1156\"><strong data-start=\"940\" data-end=\"948\">RGPD<\/strong> (Reglamento (UE) 2016\/679 del Parlamento Europeo y del Consejo, de 27 de abril de 2016, relativo a la protecci\u00f3n de las personas f\u00edsicas), que unifica la regulaci\u00f3n del tratamiento de datos personales en todos los pa\u00edses de la UE.<\/p><\/li><li data-start=\"1157\" data-end=\"1352\"><p data-start=\"1159\" data-end=\"1352\"><strong data-start=\"1159\" data-end=\"1170\">LOPDGDD<\/strong> (Ley Org\u00e1nica 3\/2018, de 5 de diciembre, de Protecci\u00f3n de Datos Personales y garant\u00eda de los derechos digitales), que adapta la normativa espa\u00f1ola al RGPD y regula los derechos digitales.<\/p><\/li><li data-start=\"1353\" data-end=\"1530\"><p data-start=\"1355\" data-end=\"1530\"><strong data-start=\"1355\" data-end=\"1363\">LSSI<\/strong> (Ley 34\/2002, de 11 de julio, de Servicios de la Sociedad de la Informaci\u00f3n y de Comercio Electr\u00f3nico), que regula las transacciones comerciales electr\u00f3nicas, como es el caso de este blog.<\/p><\/li><\/ul><hr data-start=\"1532\" data-end=\"1535\"><h2 data-start=\"1537\" data-end=\"1560\"><strong data-start=\"1540\" data-end=\"1560\">DATOS IDENTIFICATIVOS<\/strong><\/h2><p data-start=\"1562\" data-end=\"1665\">La persona responsable y propietaria de este sitio web es :<\/p><ul data-start=\"1667\" data-end=\"2101\"><li data-start=\"1667\" data-end=\"1727\"><p data-start=\"1669\" data-end=\"1727\"><strong data-start=\"1669\" data-end=\"1678\">Nombre:<\/strong> Marta Bell\u00e9s<\/p><\/li><li data-start=\"1728\" data-end=\"1788\"><p data-start=\"1730\" data-end=\"1788\"><strong data-start=\"1730\" data-end=\"1751\">NIF\/CIF:<\/strong> 45985995W<\/p><\/li><li data-start=\"1789\" data-end=\"1864\"><p data-start=\"1791\" data-end=\"1864\"><strong data-start=\"1791\" data-end=\"1814\">Domicilio social:<\/strong> C\/ Bartrina 217 Terrassa (08226), Barcelona, Espa\u00f1a<\/p><\/li><li data-start=\"1865\" data-end=\"2036\"><p data-start=\"1867\" data-end=\"2036\"><strong data-start=\"1867\" data-end=\"1888\">Actividad del sitio web:<\/strong> Distribuci\u00f3n de contenido relacionado con <a href=\"https:\/\/marta-belles.com\/es\/\">https:\/\/marta-belles.com\/<\/a>, visualizaci\u00f3n de publicidad y recomendaci\u00f3n de productos de afiliaci\u00f3n.<\/p><\/li><li data-start=\"2037\" data-end=\"2101\"><p data-start=\"2039\" data-end=\"2101\"><strong data-start=\"2039\" data-end=\"2049\">Correo electr\u00f3nico:<\/strong> <a href=\"mailto:martabelles@gmail.com\">martabelles@gmail.com<\/a><\/p><\/li><\/ul><p data-start=\"2103\" data-end=\"2358\">Los datos que nos proporcione, con su consentimiento y de acuerdo con esta Pol\u00edtica de Privacidad, se incorporar\u00e1n a un fichero automatizado debidamente registrado en la <strong data-start=\"2259\" data-end=\"2293\">Agencia Espa\u00f1ola de Protecci\u00f3n de Datos<\/strong>. Esto significa que sus datos est\u00e1n seguros de acuerdo con la ley. <\/p><p data-start=\"2360\" data-end=\"2535\">Los datos personales que proporcione, siempre con su <strong data-start=\"2404\" data-end=\"2423\">consentimiento expreso<\/strong>, se almacenar\u00e1n y procesar\u00e1n para los fines establecidos en esta Pol\u00edtica de Privacidad hasta que solicite su eliminaci\u00f3n.<\/p><p data-start=\"2537\" data-end=\"2816\">Tenga en cuenta que esta Pol\u00edtica de Privacidad puede ser modificada en cualquier momento para adaptarse a las actualizaciones legislativas o a los cambios en nuestras actividades. La versi\u00f3n actual ser\u00e1 siempre la que se publique en este sitio web, y cualquier modificaci\u00f3n relevante se le notificar\u00e1 antes de su aplicaci\u00f3n. <\/p><hr data-start=\"2818\" data-end=\"2821\"><h2 data-start=\"2823\" data-end=\"2847\"><strong data-start=\"2826\" data-end=\"2847\">CONDICIONES DE USO<\/strong><\/h2><p data-start=\"2849\" data-end=\"3085\">Para su tranquilidad, siempre solicitaremos su <strong data-start=\"2899\" data-end=\"2918\">consentimiento expreso<\/strong> antes de recopilar sus datos para los fines espec\u00edficos indicados en cada caso. Al dar ese consentimiento, confirma que ha le\u00eddo y aceptado esta Pol\u00edtica de Privacidad. <\/p><p data-start=\"3087\" data-end=\"3200\">Al acceder y utilizar este sitio web, asume la condici\u00f3n de usuario con los derechos y obligaciones correspondientes.<\/p><ul data-start=\"3202\" data-end=\"3447\"><li data-start=\"3202\" data-end=\"3336\"><p data-start=\"3204\" data-end=\"3336\">Si tiene m\u00e1s de <strong data-start=\"3220\" data-end=\"3236\">14 a\u00f1os<\/strong>, puede registrarse como usuario en este sitio web sin el consentimiento previo de sus padres o tutores.<\/p><\/li><li data-start=\"3337\" data-end=\"3447\"><p data-start=\"3339\" data-end=\"3447\">Si tiene <strong data-start=\"3350\" data-end=\"3372\">menos de 14 a\u00f1os<\/strong>, necesitar\u00e1 el consentimiento de sus padres o tutores para procesar sus datos personales.<\/p><\/li><\/ul><hr data-start=\"3449\" data-end=\"3452\"><h2 data-start=\"3454\" data-end=\"3498\"><strong data-start=\"3457\" data-end=\"3498\">REGISTRO Y FINALIDAD DE SUS DATOS<\/strong><\/h2><p data-start=\"3500\" data-end=\"3705\">Dependiendo del formulario o secci\u00f3n a la que acceda, solicitaremos <strong data-start=\"3561\" data-end=\"3588\">solo los datos necesarios<\/strong> para los fines que se describen a continuaci\u00f3n. Debe dar su <strong data-start=\"3640\" data-end=\"3659\">consentimiento expreso<\/strong> siempre que solicitemos informaci\u00f3n personal para: <\/p><ul data-start=\"3707\" data-end=\"4297\"><li data-start=\"3707\" data-end=\"3812\"><p data-start=\"3709\" data-end=\"3812\">Los fines espec\u00edficos indicados en cada p\u00e1gina o secci\u00f3n donde aparezca un formulario de registro o de contacto.<\/p><\/li><li data-start=\"3813\" data-end=\"3955\"><p data-start=\"3815\" data-end=\"3955\">Gestionar sus solicitudes, comentarios, consultas o cualquier otro tipo de petici\u00f3n que realice como usuario a trav\u00e9s de cualquiera de los m\u00e9todos de contacto disponibles.<\/p><\/li><li data-start=\"3956\" data-end=\"4068\"><p data-start=\"3958\" data-end=\"4068\">Informarle sobre consultas, actividades, productos, noticias y\/o servicios por medios electr\u00f3nicos o f\u00edsicos.<\/p><\/li><li data-start=\"4069\" data-end=\"4297\"><p data-start=\"4071\" data-end=\"4297\">Enviar comunicaciones comerciales relacionadas con nuestros productos, servicios o promociones, as\u00ed como productos o servicios que podamos considerar de inter\u00e9s ofrecidos por colaboradores o socios con los que mantenemos acuerdos de promoci\u00f3n.<\/p><\/li><\/ul><p data-start=\"4299\" data-end=\"4453\">Estas comunicaciones siempre ser\u00e1n enviadas por <strong>Marta Bell\u00e9s<\/strong>, sin que terceros tengan acceso a sus datos personales.<\/p><hr data-start=\"4455\" data-end=\"4458\"><h2 data-start=\"4460\" data-end=\"4500\"><strong data-start=\"4463\" data-end=\"4500\">EXACTITUD Y VERACIDAD DE LOS DATOS<\/strong><\/h2><p data-start=\"4502\" data-end=\"4688\">Como usuario, es responsable de la <strong data-start=\"4541\" data-end=\"4570\">veracidad y actualizaci\u00f3n<\/strong> de los datos que proporcione. Se compromete a proporcionar informaci\u00f3n completa y precisa en los formularios de contacto o suscripci\u00f3n. <\/p><hr data-start=\"4690\" data-end=\"4693\"><h2 data-start=\"4695\" data-end=\"4740\"><strong data-start=\"4698\" data-end=\"4740\">BAJA Y DERECHO DE REVOCACI\u00d3N<\/strong><\/h2><p data-start=\"4742\" data-end=\"4995\">Como interesado, puede ejercer sus derechos de <strong data-start=\"4795\" data-end=\"4850\">acceso, rectificaci\u00f3n, cancelaci\u00f3n y oposici\u00f3n<\/strong> en cualquier momento enviando un correo electr\u00f3nico a , adjuntando una copia de su documento de identidad como prueba v\u00e1lida.<\/p><hr data-start=\"4997\" data-end=\"5000\"><h2 data-start=\"5002\" data-end=\"5037\"><strong data-start=\"5005\" data-end=\"5037\">ACCESO A LOS DATOS POR PARTE DE TERCEROS<\/strong><\/h2><p data-start=\"5039\" data-end=\"5089\">Para prestar los servicios necesarios, compartimos datos con:<\/p><ul data-start=\"5091\" data-end=\"5585\"><li data-start=\"5091\" data-end=\"5250\"><p data-start=\"5093\" data-end=\"5250\"><strong data-start=\"5093\" data-end=\"5111\">Dinahosting SL<\/strong>, proveedor de alojamiento. M\u00e1s informaci\u00f3n en: <a class=\"decorated-link\" href=\"https:\/\/dinahosting.com\/legal\/proteccion-datos\" target=\"_new\" rel=\"noopener\" data-start=\"5152\" data-end=\"5248\">https:\/\/dinahosting.com\/legal\/proteccion-datos<\/a> <\/p><\/li><li data-start=\"5251\" data-end=\"5417\"><p data-start=\"5253\" data-end=\"5417\"><strong data-start=\"5253\" data-end=\"5273\">Google Analytics<\/strong>, analiza el uso del sitio web. Pol\u00edtica de privacidad: <a class=\"decorated-link\" href=\"https:\/\/www.google.com\/intl\/en\/policies\/privacy\/\" target=\"_new\" rel=\"noopener\" data-start=\"5315\" data-end=\"5415\">https:\/\/www.google.com\/intl\/en\/policies\/privacy\/<\/a> <\/p><\/li><li data-start=\"5418\" data-end=\"5585\"><p data-start=\"5420\" data-end=\"5585\"><strong data-start=\"5420\" data-end=\"5438\">Google Adsense<\/strong>, muestra anuncios personalizados. Pol\u00edtica de privacidad: <a class=\"decorated-link\" href=\"https:\/\/www.google.com\/intl\/en\/policies\/privacy\/\" target=\"_new\" rel=\"noopener\" data-start=\"5483\" data-end=\"5583\">https:\/\/www.google.com\/intl\/en\/policies\/privacy\/<\/a> <\/p><\/li><\/ul><hr data-start=\"5587\" data-end=\"5590\"><h2 data-start=\"5592\" data-end=\"5616\"><strong data-start=\"5595\" data-end=\"5616\">MEDIDAS DE SEGURIDAD<\/strong><\/h2><p data-start=\"5618\" data-end=\"5840\"><strong data-start=\"5618\" data-end=\"5668\">Marta Bell\u00e9s<\/strong> ha adoptado todas las medidas necesarias para garantizar la <strong data-start=\"5718\" data-end=\"5744\">seguridad e integridad<\/strong> de sus datos personales y para evitar su p\u00e9rdida, alteraci\u00f3n o acceso no autorizado por parte de terceros.<\/p><p data-start=\"5842\" data-end=\"5932\">Para obtener m\u00e1s informaci\u00f3n, puede consultar nuestras p\u00e1ginas de <strong data-start=\"5884\" data-end=\"5900\">Aviso Legal<\/strong> y <strong data-start=\"5905\" data-end=\"5923\">Pol\u00edtica de Cookies<\/strong>.<\/p>\t\t\t\t\t\t\t\t<\/div>\n\t\t\t\t<\/div>\n\t\t\t\t\t<\/div>\n\t\t\t\t<\/div>\n\t\t\t\t<\/div>\n\t\t","protected":false},"excerpt":{"rendered":"<p>POL\u00cdTICA DE PRIVACIDAD POL\u00cdTICA DE PRIVACIDAD Si est\u00e1 aqu\u00ed, es porque desea saber m\u00e1s sobre las obligaciones y los derechos que le corresponden como usuario de este sitio web, , y eso es genial. Nuestro deber es informarle, y su deber es estar debidamente informado. En esta Pol\u00edtica de Privacidad, le informaremos de forma transparente [&hellip;]<\/p>\n","protected":false},"author":2,"featured_media":0,"parent":0,"menu_order":0,"comment_status":"closed","ping_status":"closed","template":"elementor_header_footer","meta":{"_acf_changed":false,"inline_featured_image":false,"footnotes":""},"class_list":["post-1829","page","type-page","status-publish","hentry"],"acf":[],"yoast_head":"<!-- This site is optimized with the Yoast SEO plugin v27.4 - https:\/\/yoast.com\/product\/yoast-seo-wordpress\/ -->\n<title>\u25b7POL\u00cdTICA DE PRIVACIDAD - \u3010 Marta Bell\u00e9s \u3011<\/title>\n<meta name=\"description\" content=\"POL\u00cdTICA DE PRIVACIDAD POL\u00cdTICA DE PRIVACIDADSi est\u00e1 aqu\u00ed, es porque desea saber m\u00e1s sobre las obligaciones y los derechos que le corresponden como \u2713\" \/>\n<meta name=\"robots\" content=\"noindex, nofollow\" \/>\n<meta property=\"og:locale\" content=\"es_ES\" \/>\n<meta property=\"og:type\" content=\"article\" \/>\n<meta property=\"og:title\" content=\"\u25b7POL\u00cdTICA DE PRIVACIDAD - \u3010 Marta Bell\u00e9s \u3011\" \/>\n<meta property=\"og:description\" content=\"POL\u00cdTICA DE PRIVACIDAD POL\u00cdTICA DE PRIVACIDADSi est\u00e1 aqu\u00ed, es porque desea saber m\u00e1s sobre las obligaciones y los derechos que le corresponden como \u2713\" \/>\n<meta property=\"og:url\" content=\"https:\/\/marta-belles.com\/es\/politica-de-privacidad\/\" \/>\n<meta property=\"og:site_name\" content=\"Marta Bell\u00e9s\" \/>\n<meta property=\"article:modified_time\" content=\"2025-12-19T07:38:06+00:00\" \/>\n<meta name=\"twitter:card\" content=\"summary_large_image\" \/>\n<meta name=\"twitter:label1\" content=\"Tiempo de lectura\" \/>\n\t<meta name=\"twitter:data1\" content=\"5 minutos\" \/>\n<script type=\"application\/ld+json\" class=\"yoast-schema-graph\">{\"@context\":\"https:\\\/\\\/schema.org\",\"@graph\":[{\"@type\":\"WebPage\",\"@id\":\"https:\\\/\\\/marta-belles.com\\\/es\\\/politica-de-privacidad\\\/\",\"url\":\"https:\\\/\\\/marta-belles.com\\\/es\\\/politica-de-privacidad\\\/\",\"name\":\"\u25b7POL\u00cdTICA DE PRIVACIDAD - \u3010 Marta Bell\u00e9s \u3011\",\"isPartOf\":{\"@id\":\"https:\\\/\\\/marta-belles.com\\\/es\\\/#website\"},\"datePublished\":\"2021-10-14T13:46:36+00:00\",\"dateModified\":\"2025-12-19T07:38:06+00:00\",\"description\":\"POL\u00cdTICA DE PRIVACIDAD POL\u00cdTICA DE PRIVACIDADSi est\u00e1 aqu\u00ed, es porque desea saber m\u00e1s sobre las obligaciones y los derechos que le corresponden como \u2713\",\"breadcrumb\":{\"@id\":\"https:\\\/\\\/marta-belles.com\\\/es\\\/politica-de-privacidad\\\/#breadcrumb\"},\"inLanguage\":\"es\",\"potentialAction\":[{\"@type\":\"ReadAction\",\"target\":[\"https:\\\/\\\/marta-belles.com\\\/es\\\/politica-de-privacidad\\\/\"]}]},{\"@type\":\"BreadcrumbList\",\"@id\":\"https:\\\/\\\/marta-belles.com\\\/es\\\/politica-de-privacidad\\\/#breadcrumb\",\"itemListElement\":[{\"@type\":\"ListItem\",\"position\":1,\"name\":\"Portada\",\"item\":\"https:\\\/\\\/marta-belles.com\\\/es\\\/inicio\\\/\"},{\"@type\":\"ListItem\",\"position\":2,\"name\":\"POL\u00cdTICA DE PRIVACIDAD\"}]},{\"@type\":\"WebSite\",\"@id\":\"https:\\\/\\\/marta-belles.com\\\/es\\\/#website\",\"url\":\"https:\\\/\\\/marta-belles.com\\\/es\\\/\",\"name\":\"Marta Bell\u00e9s\",\"description\":\"Marta Bell\u00e9s\",\"publisher\":{\"@id\":\"https:\\\/\\\/marta-belles.com\\\/es\\\/#organization\"},\"potentialAction\":[{\"@type\":\"SearchAction\",\"target\":{\"@type\":\"EntryPoint\",\"urlTemplate\":\"https:\\\/\\\/marta-belles.com\\\/es\\\/?s={search_term_string}\"},\"query-input\":{\"@type\":\"PropertyValueSpecification\",\"valueRequired\":true,\"valueName\":\"search_term_string\"}}],\"inLanguage\":\"es\"},{\"@type\":\"Organization\",\"@id\":\"https:\\\/\\\/marta-belles.com\\\/es\\\/#organization\",\"name\":\"Marta Bell\u00e9s\",\"url\":\"https:\\\/\\\/marta-belles.com\\\/es\\\/\",\"logo\":{\"@type\":\"ImageObject\",\"inLanguage\":\"es\",\"@id\":\"https:\\\/\\\/marta-belles.com\\\/es\\\/#\\\/schema\\\/logo\\\/image\\\/\",\"url\":\"https:\\\/\\\/marta-belles.com\\\/wp-content\\\/uploads\\\/2021\\\/10\\\/MB-blanc-1.svg\",\"contentUrl\":\"https:\\\/\\\/marta-belles.com\\\/wp-content\\\/uploads\\\/2021\\\/10\\\/MB-blanc-1.svg\",\"width\":500,\"height\":500,\"caption\":\"Marta Bell\u00e9s\"},\"image\":{\"@id\":\"https:\\\/\\\/marta-belles.com\\\/es\\\/#\\\/schema\\\/logo\\\/image\\\/\"}}]}<\/script>\n<!-- \/ Yoast SEO plugin. -->","yoast_head_json":{"title":"\u25b7POL\u00cdTICA DE PRIVACIDAD - \u3010 Marta Bell\u00e9s \u3011","description":"POL\u00cdTICA DE PRIVACIDAD POL\u00cdTICA DE PRIVACIDADSi est\u00e1 aqu\u00ed, es porque desea saber m\u00e1s sobre las obligaciones y los derechos que le corresponden como \u2713","robots":{"index":"noindex","follow":"nofollow"},"og_locale":"es_ES","og_type":"article","og_title":"\u25b7POL\u00cdTICA DE PRIVACIDAD - \u3010 Marta Bell\u00e9s \u3011","og_description":"POL\u00cdTICA DE PRIVACIDAD POL\u00cdTICA DE PRIVACIDADSi est\u00e1 aqu\u00ed, es porque desea saber m\u00e1s sobre las obligaciones y los derechos que le corresponden como \u2713","og_url":"https:\/\/marta-belles.com\/es\/politica-de-privacidad\/","og_site_name":"Marta Bell\u00e9s","article_modified_time":"2025-12-19T07:38:06+00:00","twitter_card":"summary_large_image","twitter_misc":{"Tiempo de lectura":"5 minutos"},"schema":{"@context":"https:\/\/schema.org","@graph":[{"@type":"WebPage","@id":"https:\/\/marta-belles.com\/es\/politica-de-privacidad\/","url":"https:\/\/marta-belles.com\/es\/politica-de-privacidad\/","name":"\u25b7POL\u00cdTICA DE PRIVACIDAD - \u3010 Marta Bell\u00e9s \u3011","isPartOf":{"@id":"https:\/\/marta-belles.com\/es\/#website"},"datePublished":"2021-10-14T13:46:36+00:00","dateModified":"2025-12-19T07:38:06+00:00","description":"POL\u00cdTICA DE PRIVACIDAD POL\u00cdTICA DE PRIVACIDADSi est\u00e1 aqu\u00ed, es porque desea saber m\u00e1s sobre las obligaciones y los derechos que le corresponden como \u2713","breadcrumb":{"@id":"https:\/\/marta-belles.com\/es\/politica-de-privacidad\/#breadcrumb"},"inLanguage":"es","potentialAction":[{"@type":"ReadAction","target":["https:\/\/marta-belles.com\/es\/politica-de-privacidad\/"]}]},{"@type":"BreadcrumbList","@id":"https:\/\/marta-belles.com\/es\/politica-de-privacidad\/#breadcrumb","itemListElement":[{"@type":"ListItem","position":1,"name":"Portada","item":"https:\/\/marta-belles.com\/es\/inicio\/"},{"@type":"ListItem","position":2,"name":"POL\u00cdTICA DE PRIVACIDAD"}]},{"@type":"WebSite","@id":"https:\/\/marta-belles.com\/es\/#website","url":"https:\/\/marta-belles.com\/es\/","name":"Marta Bell\u00e9s","description":"Marta Bell\u00e9s","publisher":{"@id":"https:\/\/marta-belles.com\/es\/#organization"},"potentialAction":[{"@type":"SearchAction","target":{"@type":"EntryPoint","urlTemplate":"https:\/\/marta-belles.com\/es\/?s={search_term_string}"},"query-input":{"@type":"PropertyValueSpecification","valueRequired":true,"valueName":"search_term_string"}}],"inLanguage":"es"},{"@type":"Organization","@id":"https:\/\/marta-belles.com\/es\/#organization","name":"Marta Bell\u00e9s","url":"https:\/\/marta-belles.com\/es\/","logo":{"@type":"ImageObject","inLanguage":"es","@id":"https:\/\/marta-belles.com\/es\/#\/schema\/logo\/image\/","url":"https:\/\/marta-belles.com\/wp-content\/uploads\/2021\/10\/MB-blanc-1.svg","contentUrl":"https:\/\/marta-belles.com\/wp-content\/uploads\/2021\/10\/MB-blanc-1.svg","width":500,"height":500,"caption":"Marta Bell\u00e9s"},"image":{"@id":"https:\/\/marta-belles.com\/es\/#\/schema\/logo\/image\/"}}]}},"_links":{"self":[{"href":"https:\/\/marta-belles.com\/es\/wp-json\/wp\/v2\/pages\/1829","targetHints":{"allow":["GET"]}}],"collection":[{"href":"https:\/\/marta-belles.com\/es\/wp-json\/wp\/v2\/pages"}],"about":[{"href":"https:\/\/marta-belles.com\/es\/wp-json\/wp\/v2\/types\/page"}],"author":[{"embeddable":true,"href":"https:\/\/marta-belles.com\/es\/wp-json\/wp\/v2\/users\/2"}],"replies":[{"embeddable":true,"href":"https:\/\/marta-belles.com\/es\/wp-json\/wp\/v2\/comments?post=1829"}],"version-history":[{"count":1,"href":"https:\/\/marta-belles.com\/es\/wp-json\/wp\/v2\/pages\/1829\/revisions"}],"predecessor-version":[{"id":1830,"href":"https:\/\/marta-belles.com\/es\/wp-json\/wp\/v2\/pages\/1829\/revisions\/1830"}],"wp:attachment":[{"href":"https:\/\/marta-belles.com\/es\/wp-json\/wp\/v2\/media?parent=1829"}],"curies":[{"name":"wp","href":"https:\/\/api.w.org\/{rel}","templated":true}]}}