{"id":1826,"date":"2021-10-18T07:29:35","date_gmt":"2021-10-18T05:29:35","guid":{"rendered":"https:\/\/marta-belles.com\/politica-de-cookies\/"},"modified":"2025-12-19T08:37:57","modified_gmt":"2025-12-19T07:37:57","slug":"politica-de-cookies","status":"publish","type":"page","link":"https:\/\/marta-belles.com\/es\/politica-de-cookies\/","title":{"rendered":"POL\u00cdTICA DE COOKIES"},"content":{"rendered":"\t\t<div data-elementor-type=\"wp-page\" data-elementor-id=\"1826\" class=\"elementor elementor-1826 elementor-99\" data-elementor-post-type=\"page\">\n\t\t\t\t<div class=\"elementor-element elementor-element-a679816 e-flex e-con-boxed e-con e-parent\" data-id=\"a679816\" data-element_type=\"container\" data-e-type=\"container\">\n\t\t\t\t\t<div class=\"e-con-inner\">\n\t\t\t\t<div class=\"elementor-element elementor-element-5e7fd54 elementor-widget elementor-widget-heading\" data-id=\"5e7fd54\" data-element_type=\"widget\" data-e-type=\"widget\" data-widget_type=\"heading.default\">\n\t\t\t\t<div class=\"elementor-widget-container\">\n\t\t\t\t\t<h1 class=\"elementor-heading-title elementor-size-default\">POL\u00cdTICA DE COOKIES Y ALMACENAMIENTO LOCAL<\/h1>\t\t\t\t<\/div>\n\t\t\t\t<\/div>\n\t\t\t\t<div class=\"elementor-element elementor-element-b7ba3c6 elementor-widget elementor-widget-text-editor\" data-id=\"b7ba3c6\" data-element_type=\"widget\" data-e-type=\"widget\" data-widget_type=\"text-editor.default\">\n\t\t\t\t<div class=\"elementor-widget-container\">\n\t\t\t\t\t\t\t\t\t<h1 data-start=\"107\" data-end=\"145\"><strong data-start=\"109\" data-end=\"145\">POL\u00cdTICA DE COOKIES Y ALMACENAMIENTO LOCAL<\/strong><\/h1><p data-start=\"147\" data-end=\"307\">Este sitio web utiliza cookies y tecnolog\u00edas similares para prestar el servicio y permitirnos mejorarlo mediante la obtenci\u00f3n de estad\u00edsticas sobre su uso y otros fines.<\/p><p data-start=\"309\" data-end=\"681\">La navegaci\u00f3n por este sitio web implica necesariamente el uso de cookies y tecnolog\u00edas similares cuando sea necesario para su correcto funcionamiento. Adem\u00e1s, para ciertos fines, las cookies y el almacenamiento local estar\u00e1n sujetos a su consentimiento previo. Puede aceptar o rechazar las cookies utilizando el sistema de configuraci\u00f3n proporcionado, y tambi\u00e9n es posible configurar su navegador para bloquear su uso.  <\/p><p data-start=\"683\" data-end=\"752\">Esta pol\u00edtica forma parte de nuestra Pol\u00edtica de privacidad e incluye lo siguiente:<\/p><ul data-start=\"754\" data-end=\"1160\"><li data-start=\"754\" data-end=\"775\"><p data-start=\"756\" data-end=\"775\">\u00bfQu\u00e9 son las cookies?<\/p><\/li><li data-start=\"776\" data-end=\"806\"><p data-start=\"778\" data-end=\"806\">\u00bfPara qu\u00e9 se utilizan las cookies?<\/p><\/li><li data-start=\"807\" data-end=\"862\"><p data-start=\"809\" data-end=\"862\">\u00bfQu\u00e9 entendemos por tecnolog\u00edas similares a las cookies?<\/p><\/li><li data-start=\"863\" data-end=\"926\"><p data-start=\"865\" data-end=\"926\">\u00bfQu\u00e9 son las cookies de terceros? \u00bfQui\u00e9n recibe la informaci\u00f3n? <\/p><\/li><li data-start=\"927\" data-end=\"996\"><p data-start=\"929\" data-end=\"996\">\u00bfQu\u00e9 funciones y caracter\u00edsticas de terceros utilizamos en nuestro sitio web?<\/p><\/li><li data-start=\"997\" data-end=\"1053\"><p data-start=\"999\" data-end=\"1053\">\u00bfCu\u00e1nto tiempo est\u00e1n activas las cookies o tecnolog\u00edas similares?<\/p><\/li><li data-start=\"1054\" data-end=\"1098\"><p data-start=\"1056\" data-end=\"1098\">Uso de navegadores en modo de navegaci\u00f3n privada.<\/p><\/li><li data-start=\"1099\" data-end=\"1160\"><p data-start=\"1101\" data-end=\"1160\">\u00bfC\u00f3mo evitar el uso de cookies y c\u00f3mo eliminarlas?<\/p><\/li><\/ul><h2 data-start=\"1162\" data-end=\"1186\"><strong data-start=\"1165\" data-end=\"1186\">\u00bfQu\u00e9 son las cookies?<\/strong><\/h2><p data-start=\"1188\" data-end=\"1508\">Las \u201ccookies\u201d son peque\u00f1os archivos temporales que se crean en el dispositivo del usuario (ordenador, tel\u00e9fono, tableta, etc.) al visitar un sitio web. Permiten almacenar o recuperar informaci\u00f3n mientras navega, por ejemplo, para guardar sus preferencias de uso, reconocerle en visitas posteriores o recopilar informaci\u00f3n sobre sus h\u00e1bitos de navegaci\u00f3n. <\/p><p data-start=\"1510\" data-end=\"1817\">Cuando un sitio web crea una cookie en su dispositivo, almacena la direcci\u00f3n\/dominio del sitio web, la duraci\u00f3n de la cookie (que va desde unos minutos hasta varios a\u00f1os) y el contenido de la cookie. Puede desactivar las cookies en cualquier momento a trav\u00e9s del sistema de configuraci\u00f3n de este sitio web o configurando su navegador para que las bloquee. <\/p><h2 data-start=\"1819\" data-end=\"1852\"><strong data-start=\"1822\" data-end=\"1852\">\u00bfPara qu\u00e9 se utilizan las cookies?<\/strong><\/h2><p data-start=\"1854\" data-end=\"1879\">Los usos m\u00e1s comunes son:<\/p><ul data-start=\"1881\" data-end=\"2636\"><li data-start=\"1881\" data-end=\"2049\"><p data-start=\"1883\" data-end=\"2049\"><strong data-start=\"1883\" data-end=\"1914\">Cookies t\u00e9cnicas esenciales<\/strong>: Para gestionar el flujo de navegaci\u00f3n en el sitio web o mantener al usuario conectado. Desactivarlas puede provocar que algunas secciones no funcionen correctamente. <\/p><\/li><li data-start=\"2050\" data-end=\"2128\"><p data-start=\"2052\" data-end=\"2128\"><strong data-start=\"2052\" data-end=\"2077\">Cookies de personalizaci\u00f3n<\/strong>: Necesarias para recordar ciertas preferencias del usuario.<\/p><\/li><li data-start=\"2129\" data-end=\"2301\"><p data-start=\"2131\" data-end=\"2301\"><strong data-start=\"2131\" data-end=\"2153\">Cookies anal\u00edticas<\/strong>: Nos ayudan a recopilar informaci\u00f3n sobre el origen y la navegaci\u00f3n de los usuarios en el sitio web para realizar an\u00e1lisis estad\u00edsticos y mejorar la estructura y el contenido.<\/p><\/li><li data-start=\"2302\" data-end=\"2420\"><p data-start=\"2304\" data-end=\"2420\"><strong data-start=\"2304\" data-end=\"2327\">Cookies publicitarias<\/strong>: Se utilizan para gestionar los anuncios que se muestran en el sitio web y determinar su contenido o frecuencia.<\/p><\/li><li data-start=\"2421\" data-end=\"2545\"><p data-start=\"2423\" data-end=\"2545\"><strong data-start=\"2423\" data-end=\"2457\">Cookies de publicidad comportamental<\/strong>: Recopilan los h\u00e1bitos de navegaci\u00f3n de los usuarios para crear perfiles de inter\u00e9s y mostrar anuncios personalizados.<\/p><\/li><li data-start=\"2546\" data-end=\"2636\"><p data-start=\"2548\" data-end=\"2636\"><strong data-start=\"2548\" data-end=\"2574\">Cookies de redes sociales<\/strong>: Identifican al usuario en sus redes sociales para compartir contenido.<\/p><\/li><\/ul><h2 data-start=\"2638\" data-end=\"2696\"><strong data-start=\"2641\" data-end=\"2696\">\u00bfQu\u00e9 entendemos por tecnolog\u00edas similares a las cookies?<\/strong><\/h2><p data-start=\"2698\" data-end=\"2805\">Esto se refiere a cualquier mecanismo para almacenar y recuperar datos en el dispositivo del usuario. Los m\u00e1s comunes incluyen: <\/p><ul data-start=\"2807\" data-end=\"3187\"><li data-start=\"2807\" data-end=\"2882\"><p data-start=\"2809\" data-end=\"2882\"><strong data-start=\"2809\" data-end=\"2834\">Almacenamiento local del navegador<\/strong>: Como \u201csessionStorage\u201d y \u201clocalStorage\u201d.<\/p><\/li><li data-start=\"2883\" data-end=\"2989\"><p data-start=\"2885\" data-end=\"2989\"><strong data-start=\"2885\" data-end=\"2917\">Almacenamiento local de plugins del navegador<\/strong>: Ejemplo: Objetos compartidos locales de Flash u objetos aislados de Silverlight.<\/p><\/li><li data-start=\"2990\" data-end=\"3083\"><p data-start=\"2992\" data-end=\"3083\"><strong data-start=\"2992\" data-end=\"3007\">Balizas web<\/strong>: Im\u00e1genes alojadas en servidores que permiten registrar las visitas a p\u00e1ginas o correos electr\u00f3nicos.<\/p><\/li><li data-start=\"3084\" data-end=\"3187\"><p data-start=\"3086\" data-end=\"3187\"><strong data-start=\"3086\" data-end=\"3104\">Huella digital<\/strong>: Combina informaci\u00f3n del navegador o del dispositivo para identificar al usuario en visitas posteriores.<\/p><\/li><\/ul><h2 data-start=\"3189\" data-end=\"3255\"><strong data-start=\"3192\" data-end=\"3255\">\u00bfQu\u00e9 son las cookies de terceros? \u00bfQui\u00e9n recibe la informaci\u00f3n? <\/strong><\/h2><p data-start=\"3257\" data-end=\"3283\">Las cookies se clasifican como:<\/p><ul data-start=\"3285\" data-end=\"3584\"><li data-start=\"3285\" data-end=\"3350\"><p data-start=\"3287\" data-end=\"3350\"><strong data-start=\"3287\" data-end=\"3310\">Cookies de origen<\/strong>: Creadas y gestionadas desde nuestro dominio.<\/p><\/li><li data-start=\"3351\" data-end=\"3584\"><p data-start=\"3353\" data-end=\"3584\"><strong data-start=\"3353\" data-end=\"3376\">Cookies de terceros<\/strong>: Creadas y gestionadas por otros sitios web, que proporcionan funciones como mapas interactivos, v\u00eddeos, botones de redes sociales o anuncios personalizados. Estas cookies est\u00e1n bajo el control del tercero que las proporciona. <\/p><\/li><\/ul><h2 data-start=\"3586\" data-end=\"3658\"><strong data-start=\"3589\" data-end=\"3658\">\u00bfQu\u00e9 funciones y caracter\u00edsticas de terceros utilizamos en nuestro sitio web?<\/strong><\/h2><p data-start=\"3660\" data-end=\"3720\">La siguiente tabla resume las cookies utilizadas en nuestro sitio:<\/p><div class=\"TyagGW_tableContainer\"><div class=\"group TyagGW_tableWrapper flex w-fit flex-col-reverse\" tabindex=\"-1\"><table class=\"w-fit min-w-(--thread-content-width)\" data-start=\"3722\" data-end=\"4293\"><thead data-start=\"3722\" data-end=\"3764\"><tr data-start=\"3722\" data-end=\"3764\"><th data-start=\"3722\" data-end=\"3731\" data-col-size=\"sm\">Cookie<\/th><th data-start=\"3731\" data-end=\"3738\" data-col-size=\"sm\">Tipo<\/th><th data-start=\"3738\" data-end=\"3749\" data-col-size=\"sm\">Duraci\u00f3n<\/th><th data-start=\"3749\" data-end=\"3764\" data-col-size=\"md\">Descripci\u00f3n<\/th><\/tr><\/thead><tbody data-start=\"3807\" data-end=\"4293\"><tr data-start=\"3807\" data-end=\"3877\"><td data-start=\"3807\" data-end=\"3817\" data-col-size=\"sm\">__cf_bm<\/td><td data-col-size=\"sm\" data-start=\"3817\" data-end=\"3827\">Sesi\u00f3n<\/td><td data-col-size=\"sm\" data-start=\"3827\" data-end=\"3836\">1 hora<\/td><td data-col-size=\"md\" data-start=\"3836\" data-end=\"3877\">Soporte de gesti\u00f3n de bots por Cloudflare.<\/td><\/tr><tr data-start=\"3878\" data-end=\"3980\"><td data-start=\"3878\" data-end=\"3913\" data-col-size=\"sm\">cookielawinfo-checkbox-analytics<\/td><td data-col-size=\"sm\" data-start=\"3913\" data-end=\"3926\">Persistente<\/td><td data-col-size=\"sm\" data-start=\"3926\" data-end=\"3938\">11 meses<\/td><td data-col-size=\"md\" data-start=\"3938\" data-end=\"3980\">Almacena el consentimiento para las cookies anal\u00edticas.<\/td><\/tr><tr data-start=\"3981\" data-end=\"4084\"><td data-start=\"3981\" data-end=\"4017\" data-col-size=\"sm\">cookielawinfo-checkbox-functional<\/td><td data-col-size=\"sm\" data-start=\"4017\" data-end=\"4030\">Persistente<\/td><td data-col-size=\"sm\" data-start=\"4030\" data-end=\"4042\">11 meses<\/td><td data-col-size=\"md\" data-start=\"4042\" data-end=\"4084\">Almacena el consentimiento para las cookies funcionales.<\/td><\/tr><tr data-start=\"4085\" data-end=\"4186\"><td data-start=\"4085\" data-end=\"4120\" data-col-size=\"sm\">cookielawinfo-checkbox-necessary<\/td><td data-col-size=\"sm\" data-start=\"4120\" data-end=\"4133\">Persistente<\/td><td data-col-size=\"sm\" data-start=\"4133\" data-end=\"4145\">11 meses<\/td><td data-col-size=\"md\" data-start=\"4145\" data-end=\"4186\">Almacena el consentimiento para las cookies necesarias.<\/td><\/tr><tr data-start=\"4187\" data-end=\"4293\"><td data-start=\"4187\" data-end=\"4210\" data-col-size=\"sm\">viewed_cookie_policy<\/td><td data-col-size=\"sm\" data-start=\"4210\" data-end=\"4223\">Persistente<\/td><td data-col-size=\"sm\" data-start=\"4223\" data-end=\"4235\">11 meses<\/td><td data-col-size=\"md\" data-start=\"4235\" data-end=\"4293\">Indica si el usuario ha dado su consentimiento para el uso de cookies.<\/td><\/tr><\/tbody><\/table><\/div><\/div><h2 data-start=\"4295\" data-end=\"4354\"><strong data-start=\"4298\" data-end=\"4354\">\u00bfCu\u00e1nto tiempo est\u00e1n activas las cookies o tecnolog\u00edas similares?<\/strong><\/h2><p data-start=\"4356\" data-end=\"4371\">Las cookies pueden ser:<\/p><ul data-start=\"4373\" data-end=\"4509\"><li data-start=\"4373\" data-end=\"4433\"><p data-start=\"4375\" data-end=\"4433\"><strong data-start=\"4375\" data-end=\"4394\">Cookies de sesi\u00f3n<\/strong>: Se eliminan al cerrar el navegador.<\/p><\/li><li data-start=\"4434\" data-end=\"4509\"><p data-start=\"4436\" data-end=\"4509\"><strong data-start=\"4436\" data-end=\"4458\">Cookies persistentes<\/strong>: Permanecen hasta que caducan o se eliminan manualmente.<\/p><\/li><\/ul><h2 data-start=\"4511\" data-end=\"4575\"><strong data-start=\"4514\" data-end=\"4575\">\u00bfC\u00f3mo evitar el uso de cookies y c\u00f3mo eliminarlas?<\/strong><\/h2><p data-start=\"4577\" data-end=\"4834\">Puede configurar sus preferencias en cualquier momento a trav\u00e9s del sistema de configuraci\u00f3n de cookies integrado en este sitio web. Adem\u00e1s, la mayor\u00eda de los navegadores le permiten desactivar las cookies globalmente o bloquearlas para dominios espec\u00edficos. Consulte la ayuda de su navegador para obtener orientaci\u00f3n:  <\/p><ul data-start=\"4836\" data-end=\"4898\"><li data-start=\"4836\" data-end=\"4846\"><p data-start=\"4838\" data-end=\"4846\">Chrome<\/p><\/li><li data-start=\"4847\" data-end=\"4865\"><p data-start=\"4849\" data-end=\"4865\">Microsoft Edge<\/p><\/li><li data-start=\"4866\" data-end=\"4877\"><p data-start=\"4868\" data-end=\"4877\">Firefox<\/p><\/li><li data-start=\"4878\" data-end=\"4888\"><p data-start=\"4880\" data-end=\"4888\">Safari<\/p><\/li><li data-start=\"4889\" data-end=\"4898\"><p data-start=\"4891\" data-end=\"4898\">Opera<\/p><\/li><\/ul><p data-start=\"4900\" data-end=\"4959\">Para obtener m\u00e1s informaci\u00f3n, consulte nuestra Pol\u00edtica de privacidad.<\/p>\t\t\t\t\t\t\t\t<\/div>\n\t\t\t\t<\/div>\n\t\t\t\t\t<\/div>\n\t\t\t\t<\/div>\n\t\t\t\t<\/div>\n\t\t","protected":false},"excerpt":{"rendered":"<p>POL\u00cdTICA DE COOKIES Y ALMACENAMIENTO LOCAL POL\u00cdTICA DE COOKIES Y ALMACENAMIENTO LOCAL Este sitio web utiliza cookies y tecnolog\u00edas similares para prestar el servicio y permitirnos mejorarlo mediante la obtenci\u00f3n de estad\u00edsticas sobre su uso y otros fines. La navegaci\u00f3n por este sitio web implica necesariamente el uso de cookies y tecnolog\u00edas similares cuando sea [&hellip;]<\/p>\n","protected":false},"author":2,"featured_media":0,"parent":0,"menu_order":0,"comment_status":"closed","ping_status":"closed","template":"","meta":{"_acf_changed":false,"inline_featured_image":false,"footnotes":""},"class_list":["post-1826","page","type-page","status-publish","hentry"],"acf":[],"yoast_head":"<!-- This site is optimized with the Yoast SEO plugin v27.4 - https:\/\/yoast.com\/product\/yoast-seo-wordpress\/ -->\n<title>\u25b7POL\u00cdTICA DE COOKIES - \u3010 Marta Bell\u00e9s \u3011<\/title>\n<meta name=\"description\" content=\"POL\u00cdTICA DE COOKIES Y ALMACENAMIENTO LOCAL POL\u00cdTICA DE COOKIES Y ALMACENAMIENTO LOCALEste sitio web utiliza cookies y tecnolog\u00edas similares para prestar \u2713\" \/>\n<meta name=\"robots\" content=\"noindex, nofollow\" \/>\n<meta property=\"og:locale\" content=\"es_ES\" \/>\n<meta property=\"og:type\" content=\"article\" \/>\n<meta property=\"og:title\" content=\"\u25b7POL\u00cdTICA DE COOKIES - \u3010 Marta Bell\u00e9s \u3011\" \/>\n<meta property=\"og:description\" content=\"POL\u00cdTICA DE COOKIES Y ALMACENAMIENTO LOCAL POL\u00cdTICA DE COOKIES Y ALMACENAMIENTO LOCALEste sitio web utiliza cookies y tecnolog\u00edas similares para prestar \u2713\" \/>\n<meta property=\"og:url\" content=\"https:\/\/marta-belles.com\/es\/politica-de-cookies\/\" \/>\n<meta property=\"og:site_name\" content=\"Marta Bell\u00e9s\" \/>\n<meta property=\"article:modified_time\" content=\"2025-12-19T07:37:57+00:00\" \/>\n<meta name=\"twitter:card\" content=\"summary_large_image\" \/>\n<meta name=\"twitter:label1\" content=\"Tiempo de lectura\" \/>\n\t<meta name=\"twitter:data1\" content=\"4 minutos\" \/>\n<script type=\"application\/ld+json\" class=\"yoast-schema-graph\">{\"@context\":\"https:\\\/\\\/schema.org\",\"@graph\":[{\"@type\":\"WebPage\",\"@id\":\"https:\\\/\\\/marta-belles.com\\\/es\\\/politica-de-cookies\\\/\",\"url\":\"https:\\\/\\\/marta-belles.com\\\/es\\\/politica-de-cookies\\\/\",\"name\":\"\u25b7POL\u00cdTICA DE COOKIES - \u3010 Marta Bell\u00e9s \u3011\",\"isPartOf\":{\"@id\":\"https:\\\/\\\/marta-belles.com\\\/es\\\/#website\"},\"datePublished\":\"2021-10-18T05:29:35+00:00\",\"dateModified\":\"2025-12-19T07:37:57+00:00\",\"description\":\"POL\u00cdTICA DE COOKIES Y ALMACENAMIENTO LOCAL POL\u00cdTICA DE COOKIES Y ALMACENAMIENTO LOCALEste sitio web utiliza cookies y tecnolog\u00edas similares para prestar \u2713\",\"breadcrumb\":{\"@id\":\"https:\\\/\\\/marta-belles.com\\\/es\\\/politica-de-cookies\\\/#breadcrumb\"},\"inLanguage\":\"es\",\"potentialAction\":[{\"@type\":\"ReadAction\",\"target\":[\"https:\\\/\\\/marta-belles.com\\\/es\\\/politica-de-cookies\\\/\"]}]},{\"@type\":\"BreadcrumbList\",\"@id\":\"https:\\\/\\\/marta-belles.com\\\/es\\\/politica-de-cookies\\\/#breadcrumb\",\"itemListElement\":[{\"@type\":\"ListItem\",\"position\":1,\"name\":\"Portada\",\"item\":\"https:\\\/\\\/marta-belles.com\\\/es\\\/inicio\\\/\"},{\"@type\":\"ListItem\",\"position\":2,\"name\":\"POL\u00cdTICA DE COOKIES\"}]},{\"@type\":\"WebSite\",\"@id\":\"https:\\\/\\\/marta-belles.com\\\/es\\\/#website\",\"url\":\"https:\\\/\\\/marta-belles.com\\\/es\\\/\",\"name\":\"Marta Bell\u00e9s\",\"description\":\"Marta Bell\u00e9s\",\"publisher\":{\"@id\":\"https:\\\/\\\/marta-belles.com\\\/es\\\/#organization\"},\"potentialAction\":[{\"@type\":\"SearchAction\",\"target\":{\"@type\":\"EntryPoint\",\"urlTemplate\":\"https:\\\/\\\/marta-belles.com\\\/es\\\/?s={search_term_string}\"},\"query-input\":{\"@type\":\"PropertyValueSpecification\",\"valueRequired\":true,\"valueName\":\"search_term_string\"}}],\"inLanguage\":\"es\"},{\"@type\":\"Organization\",\"@id\":\"https:\\\/\\\/marta-belles.com\\\/es\\\/#organization\",\"name\":\"Marta Bell\u00e9s\",\"url\":\"https:\\\/\\\/marta-belles.com\\\/es\\\/\",\"logo\":{\"@type\":\"ImageObject\",\"inLanguage\":\"es\",\"@id\":\"https:\\\/\\\/marta-belles.com\\\/es\\\/#\\\/schema\\\/logo\\\/image\\\/\",\"url\":\"https:\\\/\\\/marta-belles.com\\\/wp-content\\\/uploads\\\/2021\\\/10\\\/MB-blanc-1.svg\",\"contentUrl\":\"https:\\\/\\\/marta-belles.com\\\/wp-content\\\/uploads\\\/2021\\\/10\\\/MB-blanc-1.svg\",\"width\":500,\"height\":500,\"caption\":\"Marta Bell\u00e9s\"},\"image\":{\"@id\":\"https:\\\/\\\/marta-belles.com\\\/es\\\/#\\\/schema\\\/logo\\\/image\\\/\"}}]}<\/script>\n<!-- \/ Yoast SEO plugin. -->","yoast_head_json":{"title":"\u25b7POL\u00cdTICA DE COOKIES - \u3010 Marta Bell\u00e9s \u3011","description":"POL\u00cdTICA DE COOKIES Y ALMACENAMIENTO LOCAL POL\u00cdTICA DE COOKIES Y ALMACENAMIENTO LOCALEste sitio web utiliza cookies y tecnolog\u00edas similares para prestar \u2713","robots":{"index":"noindex","follow":"nofollow"},"og_locale":"es_ES","og_type":"article","og_title":"\u25b7POL\u00cdTICA DE COOKIES - \u3010 Marta Bell\u00e9s \u3011","og_description":"POL\u00cdTICA DE COOKIES Y ALMACENAMIENTO LOCAL POL\u00cdTICA DE COOKIES Y ALMACENAMIENTO LOCALEste sitio web utiliza cookies y tecnolog\u00edas similares para prestar \u2713","og_url":"https:\/\/marta-belles.com\/es\/politica-de-cookies\/","og_site_name":"Marta Bell\u00e9s","article_modified_time":"2025-12-19T07:37:57+00:00","twitter_card":"summary_large_image","twitter_misc":{"Tiempo de lectura":"4 minutos"},"schema":{"@context":"https:\/\/schema.org","@graph":[{"@type":"WebPage","@id":"https:\/\/marta-belles.com\/es\/politica-de-cookies\/","url":"https:\/\/marta-belles.com\/es\/politica-de-cookies\/","name":"\u25b7POL\u00cdTICA DE COOKIES - \u3010 Marta Bell\u00e9s \u3011","isPartOf":{"@id":"https:\/\/marta-belles.com\/es\/#website"},"datePublished":"2021-10-18T05:29:35+00:00","dateModified":"2025-12-19T07:37:57+00:00","description":"POL\u00cdTICA DE COOKIES Y ALMACENAMIENTO LOCAL POL\u00cdTICA DE COOKIES Y ALMACENAMIENTO LOCALEste sitio web utiliza cookies y tecnolog\u00edas similares para prestar \u2713","breadcrumb":{"@id":"https:\/\/marta-belles.com\/es\/politica-de-cookies\/#breadcrumb"},"inLanguage":"es","potentialAction":[{"@type":"ReadAction","target":["https:\/\/marta-belles.com\/es\/politica-de-cookies\/"]}]},{"@type":"BreadcrumbList","@id":"https:\/\/marta-belles.com\/es\/politica-de-cookies\/#breadcrumb","itemListElement":[{"@type":"ListItem","position":1,"name":"Portada","item":"https:\/\/marta-belles.com\/es\/inicio\/"},{"@type":"ListItem","position":2,"name":"POL\u00cdTICA DE COOKIES"}]},{"@type":"WebSite","@id":"https:\/\/marta-belles.com\/es\/#website","url":"https:\/\/marta-belles.com\/es\/","name":"Marta Bell\u00e9s","description":"Marta Bell\u00e9s","publisher":{"@id":"https:\/\/marta-belles.com\/es\/#organization"},"potentialAction":[{"@type":"SearchAction","target":{"@type":"EntryPoint","urlTemplate":"https:\/\/marta-belles.com\/es\/?s={search_term_string}"},"query-input":{"@type":"PropertyValueSpecification","valueRequired":true,"valueName":"search_term_string"}}],"inLanguage":"es"},{"@type":"Organization","@id":"https:\/\/marta-belles.com\/es\/#organization","name":"Marta Bell\u00e9s","url":"https:\/\/marta-belles.com\/es\/","logo":{"@type":"ImageObject","inLanguage":"es","@id":"https:\/\/marta-belles.com\/es\/#\/schema\/logo\/image\/","url":"https:\/\/marta-belles.com\/wp-content\/uploads\/2021\/10\/MB-blanc-1.svg","contentUrl":"https:\/\/marta-belles.com\/wp-content\/uploads\/2021\/10\/MB-blanc-1.svg","width":500,"height":500,"caption":"Marta Bell\u00e9s"},"image":{"@id":"https:\/\/marta-belles.com\/es\/#\/schema\/logo\/image\/"}}]}},"_links":{"self":[{"href":"https:\/\/marta-belles.com\/es\/wp-json\/wp\/v2\/pages\/1826","targetHints":{"allow":["GET"]}}],"collection":[{"href":"https:\/\/marta-belles.com\/es\/wp-json\/wp\/v2\/pages"}],"about":[{"href":"https:\/\/marta-belles.com\/es\/wp-json\/wp\/v2\/types\/page"}],"author":[{"embeddable":true,"href":"https:\/\/marta-belles.com\/es\/wp-json\/wp\/v2\/users\/2"}],"replies":[{"embeddable":true,"href":"https:\/\/marta-belles.com\/es\/wp-json\/wp\/v2\/comments?post=1826"}],"version-history":[{"count":1,"href":"https:\/\/marta-belles.com\/es\/wp-json\/wp\/v2\/pages\/1826\/revisions"}],"predecessor-version":[{"id":1827,"href":"https:\/\/marta-belles.com\/es\/wp-json\/wp\/v2\/pages\/1826\/revisions\/1827"}],"wp:attachment":[{"href":"https:\/\/marta-belles.com\/es\/wp-json\/wp\/v2\/media?parent=1826"}],"curies":[{"name":"wp","href":"https:\/\/api.w.org\/{rel}","templated":true}]}}