{"id":1824,"date":"2021-10-16T15:24:59","date_gmt":"2021-10-16T13:24:59","guid":{"rendered":"https:\/\/marta-belles.com\/aviso-legal\/"},"modified":"2025-12-19T08:37:57","modified_gmt":"2025-12-19T07:37:57","slug":"aviso-legal","status":"publish","type":"page","link":"https:\/\/marta-belles.com\/es\/aviso-legal\/","title":{"rendered":"AVISO LEGAL"},"content":{"rendered":"\t\t<div data-elementor-type=\"wp-page\" data-elementor-id=\"1824\" class=\"elementor elementor-1824 elementor-57\" data-elementor-post-type=\"page\">\n\t\t\t\t<div class=\"elementor-element elementor-element-664f328 e-flex e-con-boxed e-con e-parent\" data-id=\"664f328\" data-element_type=\"container\" data-e-type=\"container\">\n\t\t\t\t\t<div class=\"e-con-inner\">\n\t\t\t\t<div class=\"elementor-element elementor-element-39e90d5 elementor-widget elementor-widget-heading\" data-id=\"39e90d5\" data-element_type=\"widget\" data-e-type=\"widget\" data-widget_type=\"heading.default\">\n\t\t\t\t<div class=\"elementor-widget-container\">\n\t\t\t\t\t<h1 class=\"elementor-heading-title elementor-size-default\">AVISO LEGAL<\/h1>\t\t\t\t<\/div>\n\t\t\t\t<\/div>\n\t\t\t\t<div class=\"elementor-element elementor-element-c026941 elementor-widget elementor-widget-text-editor\" data-id=\"c026941\" data-element_type=\"widget\" data-e-type=\"widget\" data-widget_type=\"text-editor.default\">\n\t\t\t\t<div class=\"elementor-widget-container\">\n\t\t\t\t\t\t\t\t\t<h1 data-start=\"68\" data-end=\"86\"><strong data-start=\"70\" data-end=\"86\">AVISO LEGAL<\/strong><\/h1><p data-start=\"88\" data-end=\"381\">El presente Aviso Legal tiene como objetivo informarle sobre sus derechos y obligaciones como usuario de este sitio web. Aqu\u00ed encontrar\u00e1 toda la informaci\u00f3n que necesita sobre este sitio web, su actividad, los datos personales que recopila y con qu\u00e9 finalidad, as\u00ed como las normas de uso que rigen el uso de este sitio web. <\/p><p data-start=\"383\" data-end=\"697\">Cuando accede a este sitio web, , asume la condici\u00f3n de usuario, lo que significa que el contenido de este Aviso Legal le afecta directamente. Por lo tanto, es importante que lo lea para resolver cualquier duda que pueda tener y para comprender las condiciones que est\u00e1 aceptando. <\/p><p data-start=\"699\" data-end=\"944\">Para empezar, debe saber que este sitio web cumple con la normativa vigente en materia de protecci\u00f3n de datos, con el objetivo de proporcionarle las garant\u00edas, la seguridad y la transparencia que le corresponden como usuario al utilizar este sitio web.<\/p><ul data-start=\"946\" data-end=\"1612\"><li data-start=\"946\" data-end=\"1173\"><p data-start=\"948\" data-end=\"1173\"><strong data-start=\"948\" data-end=\"956\">RGPD<\/strong> (Reglamento (UE) 2016\/679 del Parlamento Europeo y del Consejo, de 27 de abril de 2016, relativo a la protecci\u00f3n de las personas f\u00edsicas), que unifica la regulaci\u00f3n del tratamiento de datos personales en todos los Estados miembros de la UE.<\/p><\/li><li data-start=\"1174\" data-end=\"1445\"><p data-start=\"1176\" data-end=\"1445\"><strong data-start=\"1176\" data-end=\"1187\">LOPDGDD<\/strong> (Ley Org\u00e1nica 3\/2018, de 5 de diciembre, de Protecci\u00f3n de Datos Personales y garant\u00eda de los derechos digitales), que regula el tratamiento de datos personales y las obligaciones que nosotros, como gestores de un sitio web o blog, debemos asumir al manejar esta informaci\u00f3n.<\/p><\/li><li data-start=\"1446\" data-end=\"1612\"><p data-start=\"1448\" data-end=\"1612\"><strong data-start=\"1448\" data-end=\"1456\">LSSI<\/strong> (Ley 34\/2002, de 11 de julio, de Servicios de la Sociedad de la Informaci\u00f3n y de Comercio Electr\u00f3nico), que regula las transacciones econ\u00f3micas realizadas por medios electr\u00f3nicos.<\/p><\/li><\/ul><h1 data-start=\"1614\" data-end=\"1636\"><strong data-start=\"1616\" data-end=\"1636\">DATOS IDENTIFICATIVOS<\/strong><\/h1><p data-start=\"1638\" data-end=\"1741\">La persona responsable y propietaria de este sitio web es :<\/p><p data-start=\"1743\" data-end=\"2068\">Nombre: <strong data-start=\"1749\" data-end=\"1771\">MARTA BELLES MU\u00d1OZ<\/strong><br data-start=\"1771\" data-end=\"1774\">NIF: <strong data-start=\"1779\" data-end=\"1792\">45985995W<\/strong><br data-start=\"1792\" data-end=\"1795\">Domicilio Social: <strong data-start=\"1815\" data-end=\"1869\">C\/ Bartrina 217 Terrassa (08226), Barcelona, Spain<\/strong><br data-start=\"1869\" data-end=\"1872\">Actividad del sitio web: <strong data-start=\"1890\" data-end=\"2005\">Distribuci\u00f3n de contenido relacionado con la criptograf\u00eda, visualizaci\u00f3n de publicidad y recomendaci\u00f3n de productos de afiliaci\u00f3n.<\/strong><br data-start=\"2005\" data-end=\"2008\">Correo electr\u00f3nico:  <strong data-start=\"2015\" data-end=\"2068\"><\/strong><\/p><p data-start=\"2070\" data-end=\"2360\">Los datos que nos proporciona con su consentimiento, y de acuerdo con lo establecido en nuestra Pol\u00edtica de Privacidad, se incorporar\u00e1n a un fichero automatizado cuyo responsable es . Esto garantiza que sus datos est\u00e9n protegidos y se manejen de acuerdo con la ley. <\/p><h1 data-start=\"2362\" data-end=\"2399\"><strong data-start=\"2364\" data-end=\"2399\">NORMAS DE ACCESO AL SITIO WEB<\/strong><\/h1><p data-start=\"2401\" data-end=\"2465\">Como usuario de nuestro sitio web, tambi\u00e9n tiene una serie de obligaciones:<\/p><ul data-start=\"2467\" data-end=\"3019\"><li data-start=\"2467\" data-end=\"2604\"><p data-start=\"2469\" data-end=\"2604\">No podr\u00e1 utilizar este sitio web para realizar actividades contrarias a la ley, la moral, el orden p\u00fablico o el contenido del presente Aviso Legal.<\/p><\/li><li data-start=\"2605\" data-end=\"2689\"><p data-start=\"2607\" data-end=\"2689\">No podr\u00e1 realizar actividades publicitarias o comerciales utilizando identidades falsas.<\/p><\/li><li data-start=\"2690\" data-end=\"2890\"><p data-start=\"2692\" data-end=\"2890\">Ser\u00e1 el \u00fanico responsable de la veracidad y exactitud del contenido que introduzca en este sitio web y de los datos personales que nos proporcione para los fines establecidos en nuestra Pol\u00edtica de Privacidad.<\/p><\/li><li data-start=\"2891\" data-end=\"3019\"><p data-start=\"2893\" data-end=\"3019\">Tambi\u00e9n ser\u00e1 responsable de cualquier acci\u00f3n il\u00edcita, perjudicial o da\u00f1ina en sitios de terceros a los que podamos redirigirle.<\/p><\/li><\/ul><p data-start=\"3021\" data-end=\"3190\">  puede interrumpir el servicio del sitio web y rescindir la relaci\u00f3n con el usuario si se detecta un uso indebido del sitio web.<\/p><h1 data-start=\"3192\" data-end=\"3234\"><strong data-start=\"3194\" data-end=\"3234\">PROPIEDAD INTELECTUAL E INDUSTRIAL<\/strong><\/h1><p data-start=\"3236\" data-end=\"3507\">La totalidad de este sitio web (texto, im\u00e1genes, marcas, gr\u00e1ficos, logotipos, botones, archivos de software, combinaciones de colores, as\u00ed como la estructura, selecci\u00f3n, disposici\u00f3n y presentaci\u00f3n de sus contenidos) est\u00e1 protegida por las leyes vigentes sobre Propiedad Intelectual e Industrial.<\/p><p data-start=\"3509\" data-end=\"3634\">Su reproducci\u00f3n, distribuci\u00f3n, comunicaci\u00f3n p\u00fablica y transformaci\u00f3n est\u00e1n prohibidas, salvo para uso personal y privado.<\/p><p data-start=\"3636\" data-end=\"3839\">  no garantiza que los contenidos sean exactos o est\u00e9n libres de errores. El uso correcto o incorrecto de esta p\u00e1gina y sus contenidos es responsabilidad del usuario. <\/p><h1 data-start=\"3841\" data-end=\"3852\"><strong data-start=\"3843\" data-end=\"3852\">ENLACES<\/strong><\/h1><p data-start=\"3854\" data-end=\"4124\">Este sitio web incluye enlaces a sitios de terceros. Estas p\u00e1ginas no han sido revisadas ni est\u00e1n sujetas a nuestros controles, por lo que  no se hace responsable del contenido, las pol\u00edticas de privacidad o las medidas adoptadas por estos terceros. <\/p><p data-start=\"4126\" data-end=\"4226\">Le recomendamos que lea atentamente las condiciones de uso y las pol\u00edticas de estos sitios antes de utilizarlos.<\/p><h1 data-start=\"4228\" data-end=\"4256\"><strong data-start=\"4230\" data-end=\"4256\">ENLACES DE AFILIADO DE AMAZON<\/strong><\/h1><p data-start=\"4258\" data-end=\"4409\">Este sitio web utiliza enlaces de afiliado de Amazon. Esto significa que encontrar\u00e1 enlaces a productos de Amazon que puede adquirir bajo las propias condiciones de uso de Amazon. <\/p><h1 data-start=\"4411\" data-end=\"4440\"><strong data-start=\"4413\" data-end=\"4440\">LIMITACI\u00d3N DE RESPONSABILIDAD<\/strong><\/h1><p data-start=\"4442\" data-end=\"4512\">  no se hace responsable de:<\/p><ul data-start=\"4514\" data-end=\"4854\"><li data-start=\"4514\" data-end=\"4566\"><p data-start=\"4516\" data-end=\"4566\">La calidad, la velocidad y la continuidad del servicio.<\/p><\/li><li data-start=\"4567\" data-end=\"4640\"><p data-start=\"4569\" data-end=\"4640\">La presencia de virus, malware o programas maliciosos en el contenido.<\/p><\/li><li data-start=\"4641\" data-end=\"4688\"><p data-start=\"4643\" data-end=\"4688\">El uso il\u00edcito o negligente del sitio web.<\/p><\/li><li data-start=\"4689\" data-end=\"4787\"><p data-start=\"4691\" data-end=\"4787\">La falta de legalidad, calidad, fiabilidad o utilidad de los servicios prestados por terceros.<\/p><\/li><li data-start=\"4788\" data-end=\"4854\"><p data-start=\"4790\" data-end=\"4854\">Cualquier da\u00f1o que pueda derivarse del uso ilegal de este sitio web.<\/p><\/li><\/ul><h1 data-start=\"4856\" data-end=\"4896\"><strong data-start=\"4858\" data-end=\"4896\">POL\u00cdTICA DE PRIVACIDAD Y PROTECCI\u00d3N DE DATOS<\/strong><\/h1><p data-start=\"4898\" data-end=\"5143\">Este sitio web cumple con la normativa vigente en materia de protecci\u00f3n de datos. Como usuario, debe dar su consentimiento expl\u00edcito antes de proporcionar datos personales a trav\u00e9s de los formularios disponibles en el sitio web. Toda la informaci\u00f3n relacionada est\u00e1 disponible en nuestra Pol\u00edtica de Privacidad.  <\/p><h1 data-start=\"5145\" data-end=\"5164\"><strong data-start=\"5147\" data-end=\"5164\">POL\u00cdTICA DE COOKIES<\/strong><\/h1><p data-start=\"5166\" data-end=\"5330\">Este sitio web utiliza cookies propias y de terceros. Puede configurar su navegador para rechazar el uso de cookies. Para obtener m\u00e1s informaci\u00f3n, consulte nuestra Pol\u00edtica de Cookies.  <\/p><h1 data-start=\"5332\" data-end=\"5369\"><strong data-start=\"5334\" data-end=\"5369\">LEY APLICABLE Y JURISDICCI\u00d3N<\/strong><\/h1><p data-start=\"5371\" data-end=\"5630\">El presente Aviso Legal se rige por la legislaci\u00f3n espa\u00f1ola vigente. Cualquier controversia se someter\u00e1 a los Juzgados y Tribunales del domicilio del usuario. Si el usuario reside fuera de Espa\u00f1a, las partes acuerdan someterse a los Juzgados y Tribunales de Barcelona (Espa\u00f1a).  <\/p><p data-start=\"5632\" data-end=\"5713\">Si tiene alguna pregunta, puede enviarnos un correo electr\u00f3nico a <strong data-start=\"5687\" data-end=\"5712\"><a class=\"decorated-link cursor-pointer\" rel=\"noopener\" data-start=\"5689\" data-end=\"5710\">martabelles@gmail.com<\/a><\/strong>.<\/p>\t\t\t\t\t\t\t\t<\/div>\n\t\t\t\t<\/div>\n\t\t\t\t\t<\/div>\n\t\t\t\t<\/div>\n\t\t\t\t<\/div>\n\t\t","protected":false},"excerpt":{"rendered":"<p>AVISO LEGAL AVISO LEGAL El presente Aviso Legal tiene como objetivo informarle sobre sus derechos y obligaciones como usuario de este sitio web. Aqu\u00ed encontrar\u00e1 toda la informaci\u00f3n que necesita sobre este sitio web, su actividad, los datos personales que recopila y con qu\u00e9 finalidad, as\u00ed como las normas de uso que rigen el uso [&hellip;]<\/p>\n","protected":false},"author":2,"featured_media":0,"parent":0,"menu_order":0,"comment_status":"closed","ping_status":"closed","template":"elementor_header_footer","meta":{"_acf_changed":false,"inline_featured_image":false,"footnotes":""},"class_list":["post-1824","page","type-page","status-publish","hentry"],"acf":[],"yoast_head":"<!-- This site is optimized with the Yoast SEO plugin v27.4 - https:\/\/yoast.com\/product\/yoast-seo-wordpress\/ -->\n<title>\u25b7AVISO LEGAL - \u3010 Marta Bell\u00e9s \u3011<\/title>\n<meta name=\"description\" content=\"AVISO LEGAL AVISO LEGALEl presente Aviso Legal tiene como objetivo informarle sobre sus derechos y obligaciones como usuario de este sitio web. Aqu\u00ed \u2713\" \/>\n<meta name=\"robots\" content=\"noindex, nofollow\" \/>\n<meta property=\"og:locale\" content=\"es_ES\" \/>\n<meta property=\"og:type\" content=\"article\" \/>\n<meta property=\"og:title\" content=\"\u25b7AVISO LEGAL - \u3010 Marta Bell\u00e9s \u3011\" \/>\n<meta property=\"og:description\" content=\"AVISO LEGAL AVISO LEGALEl presente Aviso Legal tiene como objetivo informarle sobre sus derechos y obligaciones como usuario de este sitio web. Aqu\u00ed \u2713\" \/>\n<meta property=\"og:url\" content=\"https:\/\/marta-belles.com\/es\/aviso-legal\/\" \/>\n<meta property=\"og:site_name\" content=\"Marta Bell\u00e9s\" \/>\n<meta property=\"article:modified_time\" content=\"2025-12-19T07:37:57+00:00\" \/>\n<meta name=\"twitter:card\" content=\"summary_large_image\" \/>\n<meta name=\"twitter:label1\" content=\"Tiempo de lectura\" \/>\n\t<meta name=\"twitter:data1\" content=\"5 minutos\" \/>\n<script type=\"application\/ld+json\" class=\"yoast-schema-graph\">{\"@context\":\"https:\\\/\\\/schema.org\",\"@graph\":[{\"@type\":\"WebPage\",\"@id\":\"https:\\\/\\\/marta-belles.com\\\/es\\\/aviso-legal\\\/\",\"url\":\"https:\\\/\\\/marta-belles.com\\\/es\\\/aviso-legal\\\/\",\"name\":\"\u25b7AVISO LEGAL - \u3010 Marta Bell\u00e9s \u3011\",\"isPartOf\":{\"@id\":\"https:\\\/\\\/marta-belles.com\\\/es\\\/#website\"},\"datePublished\":\"2021-10-16T13:24:59+00:00\",\"dateModified\":\"2025-12-19T07:37:57+00:00\",\"description\":\"AVISO LEGAL AVISO LEGALEl presente Aviso Legal tiene como objetivo informarle sobre sus derechos y obligaciones como usuario de este sitio web. Aqu\u00ed \u2713\",\"breadcrumb\":{\"@id\":\"https:\\\/\\\/marta-belles.com\\\/es\\\/aviso-legal\\\/#breadcrumb\"},\"inLanguage\":\"es\",\"potentialAction\":[{\"@type\":\"ReadAction\",\"target\":[\"https:\\\/\\\/marta-belles.com\\\/es\\\/aviso-legal\\\/\"]}]},{\"@type\":\"BreadcrumbList\",\"@id\":\"https:\\\/\\\/marta-belles.com\\\/es\\\/aviso-legal\\\/#breadcrumb\",\"itemListElement\":[{\"@type\":\"ListItem\",\"position\":1,\"name\":\"Portada\",\"item\":\"https:\\\/\\\/marta-belles.com\\\/es\\\/inicio\\\/\"},{\"@type\":\"ListItem\",\"position\":2,\"name\":\"AVISO LEGAL\"}]},{\"@type\":\"WebSite\",\"@id\":\"https:\\\/\\\/marta-belles.com\\\/es\\\/#website\",\"url\":\"https:\\\/\\\/marta-belles.com\\\/es\\\/\",\"name\":\"Marta Bell\u00e9s\",\"description\":\"Marta Bell\u00e9s\",\"publisher\":{\"@id\":\"https:\\\/\\\/marta-belles.com\\\/es\\\/#organization\"},\"potentialAction\":[{\"@type\":\"SearchAction\",\"target\":{\"@type\":\"EntryPoint\",\"urlTemplate\":\"https:\\\/\\\/marta-belles.com\\\/es\\\/?s={search_term_string}\"},\"query-input\":{\"@type\":\"PropertyValueSpecification\",\"valueRequired\":true,\"valueName\":\"search_term_string\"}}],\"inLanguage\":\"es\"},{\"@type\":\"Organization\",\"@id\":\"https:\\\/\\\/marta-belles.com\\\/es\\\/#organization\",\"name\":\"Marta Bell\u00e9s\",\"url\":\"https:\\\/\\\/marta-belles.com\\\/es\\\/\",\"logo\":{\"@type\":\"ImageObject\",\"inLanguage\":\"es\",\"@id\":\"https:\\\/\\\/marta-belles.com\\\/es\\\/#\\\/schema\\\/logo\\\/image\\\/\",\"url\":\"https:\\\/\\\/marta-belles.com\\\/wp-content\\\/uploads\\\/2021\\\/10\\\/MB-blanc-1.svg\",\"contentUrl\":\"https:\\\/\\\/marta-belles.com\\\/wp-content\\\/uploads\\\/2021\\\/10\\\/MB-blanc-1.svg\",\"width\":500,\"height\":500,\"caption\":\"Marta Bell\u00e9s\"},\"image\":{\"@id\":\"https:\\\/\\\/marta-belles.com\\\/es\\\/#\\\/schema\\\/logo\\\/image\\\/\"}}]}<\/script>\n<!-- \/ Yoast SEO plugin. -->","yoast_head_json":{"title":"\u25b7AVISO LEGAL - \u3010 Marta Bell\u00e9s \u3011","description":"AVISO LEGAL AVISO LEGALEl presente Aviso Legal tiene como objetivo informarle sobre sus derechos y obligaciones como usuario de este sitio web. Aqu\u00ed \u2713","robots":{"index":"noindex","follow":"nofollow"},"og_locale":"es_ES","og_type":"article","og_title":"\u25b7AVISO LEGAL - \u3010 Marta Bell\u00e9s \u3011","og_description":"AVISO LEGAL AVISO LEGALEl presente Aviso Legal tiene como objetivo informarle sobre sus derechos y obligaciones como usuario de este sitio web. Aqu\u00ed \u2713","og_url":"https:\/\/marta-belles.com\/es\/aviso-legal\/","og_site_name":"Marta Bell\u00e9s","article_modified_time":"2025-12-19T07:37:57+00:00","twitter_card":"summary_large_image","twitter_misc":{"Tiempo de lectura":"5 minutos"},"schema":{"@context":"https:\/\/schema.org","@graph":[{"@type":"WebPage","@id":"https:\/\/marta-belles.com\/es\/aviso-legal\/","url":"https:\/\/marta-belles.com\/es\/aviso-legal\/","name":"\u25b7AVISO LEGAL - \u3010 Marta Bell\u00e9s \u3011","isPartOf":{"@id":"https:\/\/marta-belles.com\/es\/#website"},"datePublished":"2021-10-16T13:24:59+00:00","dateModified":"2025-12-19T07:37:57+00:00","description":"AVISO LEGAL AVISO LEGALEl presente Aviso Legal tiene como objetivo informarle sobre sus derechos y obligaciones como usuario de este sitio web. Aqu\u00ed \u2713","breadcrumb":{"@id":"https:\/\/marta-belles.com\/es\/aviso-legal\/#breadcrumb"},"inLanguage":"es","potentialAction":[{"@type":"ReadAction","target":["https:\/\/marta-belles.com\/es\/aviso-legal\/"]}]},{"@type":"BreadcrumbList","@id":"https:\/\/marta-belles.com\/es\/aviso-legal\/#breadcrumb","itemListElement":[{"@type":"ListItem","position":1,"name":"Portada","item":"https:\/\/marta-belles.com\/es\/inicio\/"},{"@type":"ListItem","position":2,"name":"AVISO LEGAL"}]},{"@type":"WebSite","@id":"https:\/\/marta-belles.com\/es\/#website","url":"https:\/\/marta-belles.com\/es\/","name":"Marta Bell\u00e9s","description":"Marta Bell\u00e9s","publisher":{"@id":"https:\/\/marta-belles.com\/es\/#organization"},"potentialAction":[{"@type":"SearchAction","target":{"@type":"EntryPoint","urlTemplate":"https:\/\/marta-belles.com\/es\/?s={search_term_string}"},"query-input":{"@type":"PropertyValueSpecification","valueRequired":true,"valueName":"search_term_string"}}],"inLanguage":"es"},{"@type":"Organization","@id":"https:\/\/marta-belles.com\/es\/#organization","name":"Marta Bell\u00e9s","url":"https:\/\/marta-belles.com\/es\/","logo":{"@type":"ImageObject","inLanguage":"es","@id":"https:\/\/marta-belles.com\/es\/#\/schema\/logo\/image\/","url":"https:\/\/marta-belles.com\/wp-content\/uploads\/2021\/10\/MB-blanc-1.svg","contentUrl":"https:\/\/marta-belles.com\/wp-content\/uploads\/2021\/10\/MB-blanc-1.svg","width":500,"height":500,"caption":"Marta Bell\u00e9s"},"image":{"@id":"https:\/\/marta-belles.com\/es\/#\/schema\/logo\/image\/"}}]}},"_links":{"self":[{"href":"https:\/\/marta-belles.com\/es\/wp-json\/wp\/v2\/pages\/1824","targetHints":{"allow":["GET"]}}],"collection":[{"href":"https:\/\/marta-belles.com\/es\/wp-json\/wp\/v2\/pages"}],"about":[{"href":"https:\/\/marta-belles.com\/es\/wp-json\/wp\/v2\/types\/page"}],"author":[{"embeddable":true,"href":"https:\/\/marta-belles.com\/es\/wp-json\/wp\/v2\/users\/2"}],"replies":[{"embeddable":true,"href":"https:\/\/marta-belles.com\/es\/wp-json\/wp\/v2\/comments?post=1824"}],"version-history":[{"count":1,"href":"https:\/\/marta-belles.com\/es\/wp-json\/wp\/v2\/pages\/1824\/revisions"}],"predecessor-version":[{"id":1825,"href":"https:\/\/marta-belles.com\/es\/wp-json\/wp\/v2\/pages\/1824\/revisions\/1825"}],"wp:attachment":[{"href":"https:\/\/marta-belles.com\/es\/wp-json\/wp\/v2\/media?parent=1824"}],"curies":[{"name":"wp","href":"https:\/\/api.w.org\/{rel}","templated":true}]}}