{"id":1807,"date":"2025-11-06T10:32:09","date_gmt":"2025-11-06T09:32:09","guid":{"rendered":"https:\/\/marta-belles.com\/acerca-de\/"},"modified":"2025-12-19T08:37:17","modified_gmt":"2025-12-19T07:37:17","slug":"acerca-de","status":"publish","type":"page","link":"https:\/\/marta-belles.com\/es\/acerca-de\/","title":{"rendered":"ACERCA DE"},"content":{"rendered":"\t\t<div data-elementor-type=\"wp-page\" data-elementor-id=\"1807\" class=\"elementor elementor-1807 elementor-941\" data-elementor-post-type=\"page\">\n\t\t\t\t<div class=\"elementor-element elementor-element-9d2a72a e-flex e-con-boxed e-con e-parent\" data-id=\"9d2a72a\" data-element_type=\"container\" data-e-type=\"container\" data-settings=\"{&quot;background_background&quot;:&quot;classic&quot;}\">\n\t\t\t\t\t<div class=\"e-con-inner\">\n\t\t\t\t<div class=\"elementor-element elementor-element-223d0b2 elementor-widget elementor-widget-heading\" data-id=\"223d0b2\" data-element_type=\"widget\" data-e-type=\"widget\" data-widget_type=\"heading.default\">\n\t\t\t\t<div class=\"elementor-widget-container\">\n\t\t\t\t\t<h2 class=\"elementor-heading-title elementor-size-default\">sobre m\u00ed<\/h2>\t\t\t\t<\/div>\n\t\t\t\t<\/div>\n\t\t\t\t\t<\/div>\n\t\t\t\t<\/div>\n\t\t<div class=\"elementor-element elementor-element-3f5aae2 e-con-full e-flex e-con e-parent\" data-id=\"3f5aae2\" data-element_type=\"container\" data-e-type=\"container\" data-settings=\"{&quot;background_background&quot;:&quot;gradient&quot;}\">\n\t\t\t\t<div class=\"elementor-element elementor-element-a732896 elementor-widget elementor-widget-heading\" data-id=\"a732896\" data-element_type=\"widget\" data-e-type=\"widget\" data-widget_type=\"heading.default\">\n\t\t\t\t<div class=\"elementor-widget-container\">\n\t\t\t\t\t<h1 class=\"elementor-heading-title elementor-size-default\">investigadora en criptograf\u00eda<\/h1>\t\t\t\t<\/div>\n\t\t\t\t<\/div>\n\t\t\t\t<div class=\"elementor-element elementor-element-28f5d5b elementor-hidden-desktop elementor-hidden-tablet elementor-widget elementor-widget-heading\" data-id=\"28f5d5b\" data-element_type=\"widget\" data-e-type=\"widget\" data-widget_type=\"heading.default\">\n\t\t\t\t<div class=\"elementor-widget-container\">\n\t\t\t\t\t<h1 class=\"elementor-heading-title elementor-size-default\">analista de blockchain<\/h1>\t\t\t\t<\/div>\n\t\t\t\t<\/div>\n\t\t\t\t<div class=\"elementor-element elementor-element-7481c96 elementor-hidden-desktop elementor-hidden-tablet elementor-widget elementor-widget-heading\" data-id=\"7481c96\" data-element_type=\"widget\" data-e-type=\"widget\" data-widget_type=\"heading.default\">\n\t\t\t\t<div class=\"elementor-widget-container\">\n\t\t\t\t\t<h1 class=\"elementor-heading-title elementor-size-default\">profesora acad\u00e9mica<\/h1>\t\t\t\t<\/div>\n\t\t\t\t<\/div>\n\t\t<div class=\"elementor-element elementor-element-2aec66c e-flex e-con-boxed e-con e-child\" data-id=\"2aec66c\" data-element_type=\"container\" data-e-type=\"container\">\n\t\t\t\t\t<div class=\"e-con-inner\">\n\t\t<div class=\"elementor-element elementor-element-84499fb e-con-full elementor-hidden-mobile e-flex e-con e-child\" data-id=\"84499fb\" data-element_type=\"container\" data-e-type=\"container\" data-settings=\"{&quot;background_background&quot;:&quot;classic&quot;}\">\n\t\t\t\t<div class=\"elementor-element elementor-element-ef3a38c elementor-widget__width-initial elementor-widget elementor-widget-spacer\" data-id=\"ef3a38c\" data-element_type=\"widget\" data-e-type=\"widget\" data-widget_type=\"spacer.default\">\n\t\t\t\t<div class=\"elementor-widget-container\">\n\t\t\t\t\t\t\t<div class=\"elementor-spacer\">\n\t\t\t<div class=\"elementor-spacer-inner\"><\/div>\n\t\t<\/div>\n\t\t\t\t\t\t<\/div>\n\t\t\t\t<\/div>\n\t\t\t\t<\/div>\n\t\t<div class=\"elementor-element elementor-element-d291245 e-con-full e-flex e-con e-child\" data-id=\"d291245\" data-element_type=\"container\" data-e-type=\"container\">\n\t\t<div class=\"elementor-element elementor-element-15ad1db e-con-full e-flex e-con e-child\" data-id=\"15ad1db\" data-element_type=\"container\" data-e-type=\"container\" data-settings=\"{&quot;background_background&quot;:&quot;classic&quot;}\">\n\t\t\t\t<\/div>\n\t\t<div class=\"elementor-element elementor-element-fc32c1b e-con-full e-flex e-con e-child\" data-id=\"fc32c1b\" data-element_type=\"container\" data-e-type=\"container\">\n\t\t<div class=\"elementor-element elementor-element-ecf0415 e-con-full e-flex e-con e-child\" data-id=\"ecf0415\" data-element_type=\"container\" data-e-type=\"container\" data-settings=\"{&quot;background_background&quot;:&quot;classic&quot;}\">\n\t\t\t\t<div class=\"elementor-element elementor-element-13c0a53 elementor-widget elementor-widget-text-editor\" data-id=\"13c0a53\" data-element_type=\"widget\" data-e-type=\"widget\" data-widget_type=\"text-editor.default\">\n\t\t\t\t<div class=\"elementor-widget-container\">\n\t\t\t\t\t\t\t\t\t<p>Soy una <strong>investigadora en criptograf\u00eda<\/strong> con un doctorado en matem\u00e1ticas, que trabaja en la intersecci\u00f3n de la teor\u00eda acad\u00e9mica y la seguridad blockchain del mundo real. Soy profesora asociada en la UPF y colaboro con equipos tecnol\u00f3gicos internacionales en el dise\u00f1o de protocolos, la privacidad y la documentaci\u00f3n. <\/p>\t\t\t\t\t\t\t\t<\/div>\n\t\t\t\t<\/div>\n\t\t\t\t<div class=\"elementor-element elementor-element-e9a52cb elementor-align-center button-arrow elementor-widget elementor-widget-button\" data-id=\"e9a52cb\" data-element_type=\"widget\" data-e-type=\"widget\" data-widget_type=\"button.default\">\n\t\t\t\t<div class=\"elementor-widget-container\">\n\t\t\t\t\t\t\t\t\t<div class=\"elementor-button-wrapper\">\n\t\t\t\t\t<a class=\"elementor-button elementor-button-link elementor-size-sm\" href=\"https:\/\/marta-belles.com\/es\/contacto\/\">\n\t\t\t\t\t\t<span class=\"elementor-button-content-wrapper\">\n\t\t\t\t\t\t<span class=\"elementor-button-icon\">\n\t\t\t\t<svg xmlns=\"http:\/\/www.w3.org\/2000\/svg\" width=\"10\" height=\"10\" viewBox=\"0 0 10 10\" fill=\"none\"><path d=\"M0.599609 8.59998L8.59961 0.599976M8.59961 0.599976H2.59961M8.59961 0.599976V6.59998\" stroke=\"#292929\" stroke-width=\"1.2\" stroke-linecap=\"round\" stroke-linejoin=\"round\"><\/path><\/svg>\t\t\t<\/span>\n\t\t\t\t\t\t\t\t\t<span class=\"elementor-button-text\">Contactar<\/span>\n\t\t\t\t\t<\/span>\n\t\t\t\t\t<\/a>\n\t\t\t\t<\/div>\n\t\t\t\t\t\t\t\t<\/div>\n\t\t\t\t<\/div>\n\t\t\t\t<\/div>\n\t\t\t\t<\/div>\n\t\t\t\t<\/div>\n\t\t<div class=\"elementor-element elementor-element-3012118 e-con-full elementor-hidden-mobile e-flex e-con e-child\" data-id=\"3012118\" data-element_type=\"container\" data-e-type=\"container\" data-settings=\"{&quot;background_background&quot;:&quot;classic&quot;}\">\n\t\t\t\t<div class=\"elementor-element elementor-element-f35141a elementor-widget elementor-widget-spacer\" data-id=\"f35141a\" data-element_type=\"widget\" data-e-type=\"widget\" data-widget_type=\"spacer.default\">\n\t\t\t\t<div class=\"elementor-widget-container\">\n\t\t\t\t\t\t\t<div class=\"elementor-spacer\">\n\t\t\t<div class=\"elementor-spacer-inner\"><\/div>\n\t\t<\/div>\n\t\t\t\t\t\t<\/div>\n\t\t\t\t<\/div>\n\t\t\t\t<\/div>\n\t\t\t\t\t<\/div>\n\t\t\t\t<\/div>\n\t\t\t\t<\/div>\n\t\t<div class=\"elementor-element elementor-element-69b826a e-flex e-con-boxed e-con e-parent\" data-id=\"69b826a\" data-element_type=\"container\" data-e-type=\"container\" data-settings=\"{&quot;background_background&quot;:&quot;classic&quot;}\">\n\t\t\t\t\t<div class=\"e-con-inner\">\n\t\t\t\t<div class=\"elementor-element elementor-element-6c794e9 elementor-widget elementor-widget-heading\" data-id=\"6c794e9\" data-element_type=\"widget\" data-e-type=\"widget\" data-widget_type=\"heading.default\">\n\t\t\t\t<div class=\"elementor-widget-container\">\n\t\t\t\t\t<h1 class=\"elementor-heading-title elementor-size-default\">formaci\u00f3n acad\u00e9mica<\/h1>\t\t\t\t<\/div>\n\t\t\t\t<\/div>\n\t\t\t\t<div class=\"elementor-element elementor-element-85d7790 elementor-widget elementor-widget-text-editor\" data-id=\"85d7790\" data-element_type=\"widget\" data-e-type=\"widget\" data-widget_type=\"text-editor.default\">\n\t\t\t\t<div class=\"elementor-widget-container\">\n\t\t\t\t\t\t\t\t\t<p><span style=\"color: #d7d7d7; font-weight: 400; font-style: italic;\">2023 \u00b7 <\/span> Doctorado en Tecnolog\u00edas de la Informaci\u00f3n y la Comunicaci\u00f3n &#8211; <span style=\"font-weight: 300;\">Universidad Pompeu Fabra (Barcelona, Espa\u00f1a)<br><\/span><\/p>\t\t\t\t\t\t\t\t<\/div>\n\t\t\t\t<\/div>\n\t\t\t\t<div class=\"elementor-element elementor-element-821516d elementor-widget elementor-widget-text-editor\" data-id=\"821516d\" data-element_type=\"widget\" data-e-type=\"widget\" data-widget_type=\"text-editor.default\">\n\t\t\t\t<div class=\"elementor-widget-container\">\n\t\t\t\t\t\t\t\t\t<p><span style=\"color: #d7d7d7; font-weight: 400; font-style: italic;\">2018 \u00b7 <\/span> M\u00e1ster en Matem\u00e1ticas &#8211; <span style=\"font-weight: 300;\">Universidad de Aarhus (Aarhus, Dinamarca)<br><\/span><\/p>\t\t\t\t\t\t\t\t<\/div>\n\t\t\t\t<\/div>\n\t\t\t\t<div class=\"elementor-element elementor-element-4b71c70 elementor-widget elementor-widget-text-editor\" data-id=\"4b71c70\" data-element_type=\"widget\" data-e-type=\"widget\" data-widget_type=\"text-editor.default\">\n\t\t\t\t<div class=\"elementor-widget-container\">\n\t\t\t\t\t\t\t\t\t<span style=\"color: #d7d7d7; font-weight: 400; font-style: italic;\">2018 \u00b7 <\/span> Grado en Saxof\u00f3n Cl\u00e1sico &#8211; \n<span style=\"font-weight: 300;\">\nLiceu College of Music (Barcelona, Espa\u00f1a)\n<\/span>\t\t\t\t\t\t\t\t<\/div>\n\t\t\t\t<\/div>\n\t\t\t\t<div class=\"elementor-element elementor-element-244983b elementor-widget elementor-widget-text-editor\" data-id=\"244983b\" data-element_type=\"widget\" data-e-type=\"widget\" data-widget_type=\"text-editor.default\">\n\t\t\t\t<div class=\"elementor-widget-container\">\n\t\t\t\t\t\t\t\t\t<span style=\"color: #d7d7d7; font-weight: 400; font-style: italic;\">2018 \u00b7 <\/span> Grado en Matem\u00e1ticas &#8211; \n<span style=\"font-weight: 300;\">\nUniversidad Aut\u00f3noma de Barcelona (Bellaterra, Espa\u00f1a)\n<\/span>\t\t\t\t\t\t\t\t<\/div>\n\t\t\t\t<\/div>\n\t\t\t\t<div class=\"elementor-element elementor-element-5a16fe6 elementor-widget elementor-widget-text-editor\" data-id=\"5a16fe6\" data-element_type=\"widget\" data-e-type=\"widget\" data-widget_type=\"text-editor.default\">\n\t\t\t\t<div class=\"elementor-widget-container\">\n\t\t\t\t\t\t\t\t\t<p><span style=\"color: #d7d7d7; font-weight: 400; font-style: italic;\">2016 \u00b7 <\/span> Erasmus en George-August-Universit\u00e4t G\u00f6ttingen &#8211; <span style=\"font-weight: 300;\">G\u00f6ttingen, Alemania<br><\/span><\/p>\t\t\t\t\t\t\t\t<\/div>\n\t\t\t\t<\/div>\n\t\t\t\t\t<\/div>\n\t\t\t\t<\/div>\n\t\t<div class=\"elementor-element elementor-element-f253fd4 e-flex e-con-boxed e-con e-parent\" data-id=\"f253fd4\" data-element_type=\"container\" data-e-type=\"container\" data-settings=\"{&quot;background_background&quot;:&quot;gradient&quot;}\">\n\t\t\t\t\t<div class=\"e-con-inner\">\n\t\t\t\t<div class=\"elementor-element elementor-element-d9fe5e1 elementor-widget elementor-widget-heading\" data-id=\"d9fe5e1\" data-element_type=\"widget\" data-e-type=\"widget\" data-widget_type=\"heading.default\">\n\t\t\t\t<div class=\"elementor-widget-container\">\n\t\t\t\t\t<h1 class=\"elementor-heading-title elementor-size-default\">investigadora en criptograf\u00eda<\/h1>\t\t\t\t<\/div>\n\t\t\t\t<\/div>\n\t\t<div class=\"elementor-element elementor-element-8b05e7e e-con-full e-flex e-con e-child\" data-id=\"8b05e7e\" data-element_type=\"container\" data-e-type=\"container\">\n\t\t<div class=\"elementor-element elementor-element-698abc4 e-con-full e-flex e-con e-child\" data-id=\"698abc4\" data-element_type=\"container\" data-e-type=\"container\" data-settings=\"{&quot;background_background&quot;:&quot;classic&quot;}\">\n\t\t<div class=\"elementor-element elementor-element-836b9cc e-con-full e-flex e-con e-child\" data-id=\"836b9cc\" data-element_type=\"container\" data-e-type=\"container\" data-settings=\"{&quot;background_background&quot;:&quot;classic&quot;}\">\n\t\t\t\t<\/div>\n\t\t<div class=\"elementor-element elementor-element-2a820e4 e-con-full e-flex e-con e-child\" data-id=\"2a820e4\" data-element_type=\"container\" data-e-type=\"container\" data-settings=\"{&quot;background_background&quot;:&quot;classic&quot;}\">\n\t\t\t\t<div class=\"elementor-element elementor-element-c4c2ded elementor-widget elementor-widget-text-editor\" data-id=\"c4c2ded\" data-element_type=\"widget\" data-e-type=\"widget\" data-widget_type=\"text-editor.default\">\n\t\t\t\t<div class=\"elementor-widget-container\">\n\t\t\t\t\t\t\t\t\t<p>Como profesora acad\u00e9mica, he impartido diversas asignaturas de matem\u00e1ticas e inform\u00e1tica en universidades como la Universidad Pompeu Fabra, la Universidad Polit\u00e9cnica de Catalu\u00f1a y la Universidad de Aarhus. Mi docencia abarca temas como el \u00e1lgebra lineal, las matem\u00e1ticas discretas y la ingenier\u00eda de blockchain, tanto en programas de grado como en cursos de m\u00e1ster especializados. <\/p><p>Como investigadora, he trabajado en protocolos criptogr\u00e1ficos avanzados con un enfoque particular en las tecnolog\u00edas de privacidad y las pruebas de conocimiento cero. He dirigido iniciativas de investigaci\u00f3n en Dusk e iden3, contribuyendo al desarrollo de infraestructuras blockchain que preservan la privacidad y sistemas de identidad auto-soberanos. <\/p>\t\t\t\t\t\t\t\t<\/div>\n\t\t\t\t<\/div>\n\t\t\t\t<\/div>\n\t\t\t\t<\/div>\n\t\t<div class=\"elementor-element elementor-element-ed7f69a e-con-full e-flex e-con e-child\" data-id=\"ed7f69a\" data-element_type=\"container\" data-e-type=\"container\">\n\t\t<div class=\"elementor-element elementor-element-57a8c0b e-con-full e-flex e-con e-child\" data-id=\"57a8c0b\" data-element_type=\"container\" data-e-type=\"container\" data-settings=\"{&quot;background_background&quot;:&quot;classic&quot;}\">\n\t\t\t\t<\/div>\n\t\t<div class=\"elementor-element elementor-element-440297f e-con-full e-flex e-con e-child\" data-id=\"440297f\" data-element_type=\"container\" data-e-type=\"container\" data-settings=\"{&quot;background_background&quot;:&quot;classic&quot;}\">\n\t\t\t\t<div class=\"elementor-element elementor-element-0ba1c23 elementor-widget elementor-widget-text-editor\" data-id=\"0ba1c23\" data-element_type=\"widget\" data-e-type=\"widget\" data-widget_type=\"text-editor.default\">\n\t\t\t\t<div class=\"elementor-widget-container\">\n\t\t\t\t\t\t\t\t\t<p>Como profesora acad\u00e9mica, he impartido diversas asignaturas de matem\u00e1ticas e inform\u00e1tica en universidades como la Universidad Pompeu Fabra, la Universidad Polit\u00e9cnica de Catalu\u00f1a y la Universidad de Aarhus. Mi docencia abarca temas como el \u00e1lgebra lineal, las matem\u00e1ticas discretas y la ingenier\u00eda de blockchain, tanto en programas de grado como en cursos de m\u00e1ster especializados. <\/p><p>Como investigadora, he trabajado en protocolos criptogr\u00e1ficos avanzados con un enfoque particular en las tecnolog\u00edas de privacidad y las pruebas de conocimiento cero. He dirigido iniciativas de investigaci\u00f3n en Dusk e iden3, contribuyendo al desarrollo de infraestructuras blockchain que preservan la privacidad y sistemas de identidad auto-soberanos. <\/p>\t\t\t\t\t\t\t\t<\/div>\n\t\t\t\t<\/div>\n\t\t\t\t<\/div>\n\t\t\t\t<\/div>\n\t\t\t\t<\/div>\n\t\t\t\t\t<\/div>\n\t\t\t\t<\/div>\n\t\t\t\t<\/div>\n\t\t","protected":false},"excerpt":{"rendered":"<p>sobre m\u00ed investigadora en criptograf\u00eda analista de blockchain profesora acad\u00e9mica Soy una investigadora en criptograf\u00eda con un doctorado en matem\u00e1ticas, que trabaja en la intersecci\u00f3n de la teor\u00eda acad\u00e9mica y la seguridad blockchain del mundo real. Soy profesora asociada en la UPF y colaboro con equipos tecnol\u00f3gicos internacionales en el dise\u00f1o de protocolos, la privacidad [&hellip;]<\/p>\n","protected":false},"author":2,"featured_media":0,"parent":0,"menu_order":0,"comment_status":"closed","ping_status":"closed","template":"","meta":{"_acf_changed":false,"inline_featured_image":false,"footnotes":""},"class_list":["post-1807","page","type-page","status-publish","hentry"],"acf":[],"yoast_head":"<!-- This site is optimized with the Yoast SEO plugin v27.4 - https:\/\/yoast.com\/product\/yoast-seo-wordpress\/ -->\n<title>\u25b7ACERCA DE - \u3010 Marta Bell\u00e9s \u3011<\/title>\n<meta name=\"description\" content=\"sobre m\u00ed investigadora en criptograf\u00eda analista de blockchain profesora acad\u00e9mica Soy una investigadora en criptograf\u00eda con un doctorado en matem\u00e1ticas, \u2713\" \/>\n<meta name=\"robots\" content=\"index, follow, max-snippet:-1, max-image-preview:large, max-video-preview:-1\" \/>\n<link rel=\"canonical\" href=\"https:\/\/marta-belles.com\/es\/acerca-de\/\" \/>\n<meta property=\"og:locale\" content=\"es_ES\" \/>\n<meta property=\"og:type\" content=\"article\" \/>\n<meta property=\"og:title\" content=\"\u25b7ACERCA DE - \u3010 Marta Bell\u00e9s \u3011\" \/>\n<meta property=\"og:description\" content=\"sobre m\u00ed investigadora en criptograf\u00eda analista de blockchain profesora acad\u00e9mica Soy una investigadora en criptograf\u00eda con un doctorado en matem\u00e1ticas, \u2713\" \/>\n<meta property=\"og:url\" content=\"https:\/\/marta-belles.com\/es\/acerca-de\/\" \/>\n<meta property=\"og:site_name\" content=\"Marta Bell\u00e9s\" \/>\n<meta property=\"article:modified_time\" content=\"2025-12-19T07:37:17+00:00\" \/>\n<meta name=\"twitter:card\" content=\"summary_large_image\" \/>\n<meta name=\"twitter:label1\" content=\"Tiempo de lectura\" \/>\n\t<meta name=\"twitter:data1\" content=\"2 minutos\" \/>\n<script type=\"application\/ld+json\" class=\"yoast-schema-graph\">{\"@context\":\"https:\\\/\\\/schema.org\",\"@graph\":[{\"@type\":\"WebPage\",\"@id\":\"https:\\\/\\\/marta-belles.com\\\/es\\\/acerca-de\\\/\",\"url\":\"https:\\\/\\\/marta-belles.com\\\/es\\\/acerca-de\\\/\",\"name\":\"\u25b7ACERCA DE - \u3010 Marta Bell\u00e9s \u3011\",\"isPartOf\":{\"@id\":\"https:\\\/\\\/marta-belles.com\\\/es\\\/#website\"},\"datePublished\":\"2025-11-06T09:32:09+00:00\",\"dateModified\":\"2025-12-19T07:37:17+00:00\",\"description\":\"sobre m\u00ed investigadora en criptograf\u00eda analista de blockchain profesora acad\u00e9mica Soy una investigadora en criptograf\u00eda con un doctorado en matem\u00e1ticas, \u2713\",\"breadcrumb\":{\"@id\":\"https:\\\/\\\/marta-belles.com\\\/es\\\/acerca-de\\\/#breadcrumb\"},\"inLanguage\":\"es\",\"potentialAction\":[{\"@type\":\"ReadAction\",\"target\":[\"https:\\\/\\\/marta-belles.com\\\/es\\\/acerca-de\\\/\"]}]},{\"@type\":\"BreadcrumbList\",\"@id\":\"https:\\\/\\\/marta-belles.com\\\/es\\\/acerca-de\\\/#breadcrumb\",\"itemListElement\":[{\"@type\":\"ListItem\",\"position\":1,\"name\":\"Portada\",\"item\":\"https:\\\/\\\/marta-belles.com\\\/es\\\/inicio\\\/\"},{\"@type\":\"ListItem\",\"position\":2,\"name\":\"ACERCA DE\"}]},{\"@type\":\"WebSite\",\"@id\":\"https:\\\/\\\/marta-belles.com\\\/es\\\/#website\",\"url\":\"https:\\\/\\\/marta-belles.com\\\/es\\\/\",\"name\":\"Marta Bell\u00e9s\",\"description\":\"Marta Bell\u00e9s\",\"publisher\":{\"@id\":\"https:\\\/\\\/marta-belles.com\\\/es\\\/#organization\"},\"potentialAction\":[{\"@type\":\"SearchAction\",\"target\":{\"@type\":\"EntryPoint\",\"urlTemplate\":\"https:\\\/\\\/marta-belles.com\\\/es\\\/?s={search_term_string}\"},\"query-input\":{\"@type\":\"PropertyValueSpecification\",\"valueRequired\":true,\"valueName\":\"search_term_string\"}}],\"inLanguage\":\"es\"},{\"@type\":\"Organization\",\"@id\":\"https:\\\/\\\/marta-belles.com\\\/es\\\/#organization\",\"name\":\"Marta Bell\u00e9s\",\"url\":\"https:\\\/\\\/marta-belles.com\\\/es\\\/\",\"logo\":{\"@type\":\"ImageObject\",\"inLanguage\":\"es\",\"@id\":\"https:\\\/\\\/marta-belles.com\\\/es\\\/#\\\/schema\\\/logo\\\/image\\\/\",\"url\":\"https:\\\/\\\/marta-belles.com\\\/wp-content\\\/uploads\\\/2021\\\/10\\\/MB-blanc-1.svg\",\"contentUrl\":\"https:\\\/\\\/marta-belles.com\\\/wp-content\\\/uploads\\\/2021\\\/10\\\/MB-blanc-1.svg\",\"width\":500,\"height\":500,\"caption\":\"Marta Bell\u00e9s\"},\"image\":{\"@id\":\"https:\\\/\\\/marta-belles.com\\\/es\\\/#\\\/schema\\\/logo\\\/image\\\/\"}}]}<\/script>\n<!-- \/ Yoast SEO plugin. -->","yoast_head_json":{"title":"\u25b7ACERCA DE - \u3010 Marta Bell\u00e9s \u3011","description":"sobre m\u00ed investigadora en criptograf\u00eda analista de blockchain profesora acad\u00e9mica Soy una investigadora en criptograf\u00eda con un doctorado en matem\u00e1ticas, \u2713","robots":{"index":"index","follow":"follow","max-snippet":"max-snippet:-1","max-image-preview":"max-image-preview:large","max-video-preview":"max-video-preview:-1"},"canonical":"https:\/\/marta-belles.com\/es\/acerca-de\/","og_locale":"es_ES","og_type":"article","og_title":"\u25b7ACERCA DE - \u3010 Marta Bell\u00e9s \u3011","og_description":"sobre m\u00ed investigadora en criptograf\u00eda analista de blockchain profesora acad\u00e9mica Soy una investigadora en criptograf\u00eda con un doctorado en matem\u00e1ticas, \u2713","og_url":"https:\/\/marta-belles.com\/es\/acerca-de\/","og_site_name":"Marta Bell\u00e9s","article_modified_time":"2025-12-19T07:37:17+00:00","twitter_card":"summary_large_image","twitter_misc":{"Tiempo de lectura":"2 minutos"},"schema":{"@context":"https:\/\/schema.org","@graph":[{"@type":"WebPage","@id":"https:\/\/marta-belles.com\/es\/acerca-de\/","url":"https:\/\/marta-belles.com\/es\/acerca-de\/","name":"\u25b7ACERCA DE - \u3010 Marta Bell\u00e9s \u3011","isPartOf":{"@id":"https:\/\/marta-belles.com\/es\/#website"},"datePublished":"2025-11-06T09:32:09+00:00","dateModified":"2025-12-19T07:37:17+00:00","description":"sobre m\u00ed investigadora en criptograf\u00eda analista de blockchain profesora acad\u00e9mica Soy una investigadora en criptograf\u00eda con un doctorado en matem\u00e1ticas, \u2713","breadcrumb":{"@id":"https:\/\/marta-belles.com\/es\/acerca-de\/#breadcrumb"},"inLanguage":"es","potentialAction":[{"@type":"ReadAction","target":["https:\/\/marta-belles.com\/es\/acerca-de\/"]}]},{"@type":"BreadcrumbList","@id":"https:\/\/marta-belles.com\/es\/acerca-de\/#breadcrumb","itemListElement":[{"@type":"ListItem","position":1,"name":"Portada","item":"https:\/\/marta-belles.com\/es\/inicio\/"},{"@type":"ListItem","position":2,"name":"ACERCA DE"}]},{"@type":"WebSite","@id":"https:\/\/marta-belles.com\/es\/#website","url":"https:\/\/marta-belles.com\/es\/","name":"Marta Bell\u00e9s","description":"Marta Bell\u00e9s","publisher":{"@id":"https:\/\/marta-belles.com\/es\/#organization"},"potentialAction":[{"@type":"SearchAction","target":{"@type":"EntryPoint","urlTemplate":"https:\/\/marta-belles.com\/es\/?s={search_term_string}"},"query-input":{"@type":"PropertyValueSpecification","valueRequired":true,"valueName":"search_term_string"}}],"inLanguage":"es"},{"@type":"Organization","@id":"https:\/\/marta-belles.com\/es\/#organization","name":"Marta Bell\u00e9s","url":"https:\/\/marta-belles.com\/es\/","logo":{"@type":"ImageObject","inLanguage":"es","@id":"https:\/\/marta-belles.com\/es\/#\/schema\/logo\/image\/","url":"https:\/\/marta-belles.com\/wp-content\/uploads\/2021\/10\/MB-blanc-1.svg","contentUrl":"https:\/\/marta-belles.com\/wp-content\/uploads\/2021\/10\/MB-blanc-1.svg","width":500,"height":500,"caption":"Marta Bell\u00e9s"},"image":{"@id":"https:\/\/marta-belles.com\/es\/#\/schema\/logo\/image\/"}}]}},"_links":{"self":[{"href":"https:\/\/marta-belles.com\/es\/wp-json\/wp\/v2\/pages\/1807","targetHints":{"allow":["GET"]}}],"collection":[{"href":"https:\/\/marta-belles.com\/es\/wp-json\/wp\/v2\/pages"}],"about":[{"href":"https:\/\/marta-belles.com\/es\/wp-json\/wp\/v2\/types\/page"}],"author":[{"embeddable":true,"href":"https:\/\/marta-belles.com\/es\/wp-json\/wp\/v2\/users\/2"}],"replies":[{"embeddable":true,"href":"https:\/\/marta-belles.com\/es\/wp-json\/wp\/v2\/comments?post=1807"}],"version-history":[{"count":1,"href":"https:\/\/marta-belles.com\/es\/wp-json\/wp\/v2\/pages\/1807\/revisions"}],"predecessor-version":[{"id":1817,"href":"https:\/\/marta-belles.com\/es\/wp-json\/wp\/v2\/pages\/1807\/revisions\/1817"}],"wp:attachment":[{"href":"https:\/\/marta-belles.com\/es\/wp-json\/wp\/v2\/media?parent=1807"}],"curies":[{"name":"wp","href":"https:\/\/api.w.org\/{rel}","templated":true}]}}