{"id":1781,"date":"2025-11-06T10:31:53","date_gmt":"2025-11-06T09:31:53","guid":{"rendered":"https:\/\/marta-belles.com\/servicios\/"},"modified":"2025-12-19T08:36:57","modified_gmt":"2025-12-19T07:36:57","slug":"servicios","status":"publish","type":"page","link":"https:\/\/marta-belles.com\/es\/servicios\/","title":{"rendered":"SERVICIOS"},"content":{"rendered":"\t\t<div data-elementor-type=\"wp-page\" data-elementor-id=\"1781\" class=\"elementor elementor-1781 elementor-938\" data-elementor-post-type=\"page\">\n\t\t\t\t<div class=\"elementor-element elementor-element-5d68097 e-flex e-con-boxed e-con e-parent\" data-id=\"5d68097\" data-element_type=\"container\" data-e-type=\"container\" data-settings=\"{&quot;background_background&quot;:&quot;classic&quot;}\">\n\t\t\t\t\t<div class=\"e-con-inner\">\n\t\t\t\t<div class=\"elementor-element elementor-element-6e379ba elementor-widget elementor-widget-heading\" data-id=\"6e379ba\" data-element_type=\"widget\" data-e-type=\"widget\" data-widget_type=\"heading.default\">\n\t\t\t\t<div class=\"elementor-widget-container\">\n\t\t\t\t\t<h2 class=\"elementor-heading-title elementor-size-default\">Servicios<\/h2>\t\t\t\t<\/div>\n\t\t\t\t<\/div>\n\t\t\t\t\t<\/div>\n\t\t\t\t<\/div>\n\t\t<div class=\"elementor-element elementor-element-e5b3ab4 e-flex e-con-boxed e-con e-parent\" data-id=\"e5b3ab4\" data-element_type=\"container\" data-e-type=\"container\" data-settings=\"{&quot;background_background&quot;:&quot;classic&quot;}\">\n\t\t\t\t\t<div class=\"e-con-inner\">\n\t\t<div class=\"elementor-element elementor-element-800ac66 e-con-full e-flex e-con e-child\" data-id=\"800ac66\" data-element_type=\"container\" data-e-type=\"container\" data-settings=\"{&quot;background_background&quot;:&quot;classic&quot;}\">\n\t\t\t\t<div class=\"elementor-element elementor-element-12434ee elementor-widget elementor-widget-heading\" data-id=\"12434ee\" data-element_type=\"widget\" data-e-type=\"widget\" data-widget_type=\"heading.default\">\n\t\t\t\t<div class=\"elementor-widget-container\">\n\t\t\t\t\t<h2 class=\"elementor-heading-title elementor-size-default\">Consultor\u00eda en criptograf\u00eda y privacidad<\/h2>\t\t\t\t<\/div>\n\t\t\t\t<\/div>\n\t\t\t\t<div class=\"elementor-element elementor-element-44aa9fa elementor-widget__width-initial elementor-widget elementor-widget-text-editor\" data-id=\"44aa9fa\" data-element_type=\"widget\" data-e-type=\"widget\" data-widget_type=\"text-editor.default\">\n\t\t\t\t<div class=\"elementor-widget-container\">\n\t\t\t\t\t\t\t\t\t<p>Ofrezco consultor\u00eda experta en protocolos criptogr\u00e1ficos y tecnolog\u00edas que mejoran la privacidad, incluyendo pruebas de conocimiento cero, dise\u00f1o de circuitos aritm\u00e9ticos y criptograf\u00eda de curva el\u00edptica. Mi trabajo une la solidez te\u00f3rica con la implementaci\u00f3n en el mundo real. <\/p>\t\t\t\t\t\t\t\t<\/div>\n\t\t\t\t<\/div>\n\t\t\t\t<\/div>\n\t\t<div class=\"elementor-element elementor-element-2c23882 e-con-full e-flex e-con e-child\" data-id=\"2c23882\" data-element_type=\"container\" data-e-type=\"container\" data-settings=\"{&quot;background_background&quot;:&quot;classic&quot;}\">\n\t\t\t\t<div class=\"elementor-element elementor-element-c829570 elementor-widget elementor-widget-heading\" data-id=\"c829570\" data-element_type=\"widget\" data-e-type=\"widget\" data-widget_type=\"heading.default\">\n\t\t\t\t<div class=\"elementor-widget-container\">\n\t\t\t\t\t<h2 class=\"elementor-heading-title elementor-size-default\">An\u00e1lisis e ingenier\u00eda de blockchain<\/h2>\t\t\t\t<\/div>\n\t\t\t\t<\/div>\n\t\t\t\t<div class=\"elementor-element elementor-element-7b8c033 elementor-widget__width-initial elementor-widget elementor-widget-text-editor\" data-id=\"7b8c033\" data-element_type=\"widget\" data-e-type=\"widget\" data-widget_type=\"text-editor.default\">\n\t\t\t\t<div class=\"elementor-widget-container\">\n\t\t\t\t\t\t\t\t\t<p>Dise\u00f1o e implemento sistemas avanzados basados en blockchain con un fuerte enfoque en tecnolog\u00edas que preservan la privacidad. Mi experiencia incluye el dise\u00f1o de circuitos de conocimiento cero utilizando Circom, gesti\u00f3n de identidades, sistemas de votaci\u00f3n y protocolos de transacci\u00f3n.  <\/p>\t\t\t\t\t\t\t\t<\/div>\n\t\t\t\t<\/div>\n\t\t\t\t<\/div>\n\t\t<div class=\"elementor-element elementor-element-3c78193 e-con-full e-flex e-con e-child\" data-id=\"3c78193\" data-element_type=\"container\" data-e-type=\"container\" data-settings=\"{&quot;background_background&quot;:&quot;classic&quot;}\">\n\t\t\t\t<div class=\"elementor-element elementor-element-5fa2577 elementor-widget elementor-widget-heading\" data-id=\"5fa2577\" data-element_type=\"widget\" data-e-type=\"widget\" data-widget_type=\"heading.default\">\n\t\t\t\t<div class=\"elementor-widget-container\">\n\t\t\t\t\t<h2 class=\"elementor-heading-title elementor-size-default\">Investigaci\u00f3n cient\u00edfica y publicaci\u00f3n<\/h2>\t\t\t\t<\/div>\n\t\t\t\t<\/div>\n\t\t\t\t<div class=\"elementor-element elementor-element-5d762e7 elementor-widget__width-initial elementor-widget elementor-widget-text-editor\" data-id=\"5d762e7\" data-element_type=\"widget\" data-e-type=\"widget\" data-widget_type=\"text-editor.default\">\n\t\t\t\t<div class=\"elementor-widget-container\">\n\t\t\t\t\t\t\t\t\t<p>Dirijo y contribuyo a proyectos de investigaci\u00f3n en criptograf\u00eda aplicada y tecnolog\u00edas blockchain, y publico activamente en revistas y conferencias de primer nivel. Tambi\u00e9n apoyo a los equipos en la redacci\u00f3n y revisi\u00f3n de publicaciones acad\u00e9micas. <\/p>\t\t\t\t\t\t\t\t<\/div>\n\t\t\t\t<\/div>\n\t\t\t\t<\/div>\n\t\t<div class=\"elementor-element elementor-element-6ed5b35 e-con-full e-flex e-con e-child\" data-id=\"6ed5b35\" data-element_type=\"container\" data-e-type=\"container\" data-settings=\"{&quot;background_background&quot;:&quot;classic&quot;}\">\n\t\t\t\t<div class=\"elementor-element elementor-element-01b6abe elementor-widget elementor-widget-heading\" data-id=\"01b6abe\" data-element_type=\"widget\" data-e-type=\"widget\" data-widget_type=\"heading.default\">\n\t\t\t\t<div class=\"elementor-widget-container\">\n\t\t\t\t\t<h2 class=\"elementor-heading-title elementor-size-default\">Charlas, presentaciones y docencia<\/h2>\t\t\t\t<\/div>\n\t\t\t\t<\/div>\n\t\t\t\t<div class=\"elementor-element elementor-element-63b9241 elementor-widget__width-initial elementor-widget elementor-widget-text-editor\" data-id=\"63b9241\" data-element_type=\"widget\" data-e-type=\"widget\" data-widget_type=\"text-editor.default\">\n\t\t\t\t<div class=\"elementor-widget-container\">\n\t\t\t\t\t\t\t\t\t<p>Ofrezco charlas y presentaciones a medida para diversos p\u00fablicos, que abarcan temas como la criptograf\u00eda, la ciberseguridad, la tecnolog\u00eda blockchain y las criptomonedas. Perfecto para universidades, empresas y eventos especializados que buscan informaci\u00f3n clara y actualizada en estos campos. <\/p>\t\t\t\t\t\t\t\t<\/div>\n\t\t\t\t<\/div>\n\t\t\t\t<\/div>\n\t\t\t\t<div class=\"elementor-element elementor-element-c351f9c elementor-align-center button-arrow-blue elementor-widget elementor-widget-button\" data-id=\"c351f9c\" data-element_type=\"widget\" data-e-type=\"widget\" data-widget_type=\"button.default\">\n\t\t\t\t<div class=\"elementor-widget-container\">\n\t\t\t\t\t\t\t\t\t<div class=\"elementor-button-wrapper\">\n\t\t\t\t\t<a class=\"elementor-button elementor-button-link elementor-size-sm\" href=\"#\">\n\t\t\t\t\t\t<span class=\"elementor-button-content-wrapper\">\n\t\t\t\t\t\t<span class=\"elementor-button-icon\">\n\t\t\t\t<svg xmlns=\"http:\/\/www.w3.org\/2000\/svg\" width=\"10\" height=\"10\" viewBox=\"0 0 10 10\" fill=\"none\"><path d=\"M0.599609 8.59998L8.59961 0.599976M8.59961 0.599976H2.59961M8.59961 0.599976V6.59998\" stroke=\"#FCFCFC\" stroke-width=\"1.2\" stroke-linecap=\"round\" stroke-linejoin=\"round\"><\/path><\/svg>\t\t\t<\/span>\n\t\t\t\t\t\t\t\t\t<span class=\"elementor-button-text\">Trabajemos juntos<\/span>\n\t\t\t\t\t<\/span>\n\t\t\t\t\t<\/a>\n\t\t\t\t<\/div>\n\t\t\t\t\t\t\t\t<\/div>\n\t\t\t\t<\/div>\n\t\t\t\t\t<\/div>\n\t\t\t\t<\/div>\n\t\t\t\t<\/div>\n\t\t","protected":false},"excerpt":{"rendered":"<p>Servicios Consultor\u00eda en criptograf\u00eda y privacidad Ofrezco consultor\u00eda experta en protocolos criptogr\u00e1ficos y tecnolog\u00edas que mejoran la privacidad, incluyendo pruebas de conocimiento cero, dise\u00f1o de circuitos aritm\u00e9ticos y criptograf\u00eda de curva el\u00edptica. Mi trabajo une la solidez te\u00f3rica con la implementaci\u00f3n en el mundo real. An\u00e1lisis e ingenier\u00eda de blockchain Dise\u00f1o e implemento sistemas avanzados [&hellip;]<\/p>\n","protected":false},"author":2,"featured_media":0,"parent":0,"menu_order":0,"comment_status":"closed","ping_status":"closed","template":"","meta":{"_acf_changed":false,"inline_featured_image":false,"footnotes":""},"class_list":["post-1781","page","type-page","status-publish","hentry"],"acf":[],"yoast_head":"<!-- This site is optimized with the Yoast SEO plugin v27.4 - https:\/\/yoast.com\/product\/yoast-seo-wordpress\/ -->\n<title>\u25b7SERVICIOS - \u3010 Marta Bell\u00e9s \u3011<\/title>\n<meta name=\"description\" content=\"Servicios Consultor\u00eda en criptograf\u00eda y privacidad Ofrezco consultor\u00eda experta en protocolos criptogr\u00e1ficos y tecnolog\u00edas que mejoran la privacidad, \u2713\" \/>\n<meta name=\"robots\" content=\"index, follow, max-snippet:-1, max-image-preview:large, max-video-preview:-1\" \/>\n<link rel=\"canonical\" href=\"https:\/\/marta-belles.com\/es\/servicios\/\" \/>\n<meta property=\"og:locale\" content=\"es_ES\" \/>\n<meta property=\"og:type\" content=\"article\" \/>\n<meta property=\"og:title\" content=\"\u25b7SERVICIOS - \u3010 Marta Bell\u00e9s \u3011\" \/>\n<meta property=\"og:description\" content=\"Servicios Consultor\u00eda en criptograf\u00eda y privacidad Ofrezco consultor\u00eda experta en protocolos criptogr\u00e1ficos y tecnolog\u00edas que mejoran la privacidad, \u2713\" \/>\n<meta property=\"og:url\" content=\"https:\/\/marta-belles.com\/es\/servicios\/\" \/>\n<meta property=\"og:site_name\" content=\"Marta Bell\u00e9s\" \/>\n<meta property=\"article:modified_time\" content=\"2025-12-19T07:36:57+00:00\" \/>\n<meta name=\"twitter:card\" content=\"summary_large_image\" \/>\n<meta name=\"twitter:label1\" content=\"Tiempo de lectura\" \/>\n\t<meta name=\"twitter:data1\" content=\"1 minuto\" \/>\n<script type=\"application\/ld+json\" class=\"yoast-schema-graph\">{\"@context\":\"https:\\\/\\\/schema.org\",\"@graph\":[{\"@type\":\"WebPage\",\"@id\":\"https:\\\/\\\/marta-belles.com\\\/es\\\/servicios\\\/\",\"url\":\"https:\\\/\\\/marta-belles.com\\\/es\\\/servicios\\\/\",\"name\":\"\u25b7SERVICIOS - \u3010 Marta Bell\u00e9s \u3011\",\"isPartOf\":{\"@id\":\"https:\\\/\\\/marta-belles.com\\\/es\\\/#website\"},\"datePublished\":\"2025-11-06T09:31:53+00:00\",\"dateModified\":\"2025-12-19T07:36:57+00:00\",\"description\":\"Servicios Consultor\u00eda en criptograf\u00eda y privacidad Ofrezco consultor\u00eda experta en protocolos criptogr\u00e1ficos y tecnolog\u00edas que mejoran la privacidad, \u2713\",\"breadcrumb\":{\"@id\":\"https:\\\/\\\/marta-belles.com\\\/es\\\/servicios\\\/#breadcrumb\"},\"inLanguage\":\"es\",\"potentialAction\":[{\"@type\":\"ReadAction\",\"target\":[\"https:\\\/\\\/marta-belles.com\\\/es\\\/servicios\\\/\"]}]},{\"@type\":\"BreadcrumbList\",\"@id\":\"https:\\\/\\\/marta-belles.com\\\/es\\\/servicios\\\/#breadcrumb\",\"itemListElement\":[{\"@type\":\"ListItem\",\"position\":1,\"name\":\"Portada\",\"item\":\"https:\\\/\\\/marta-belles.com\\\/es\\\/inicio\\\/\"},{\"@type\":\"ListItem\",\"position\":2,\"name\":\"SERVICIOS\"}]},{\"@type\":\"WebSite\",\"@id\":\"https:\\\/\\\/marta-belles.com\\\/es\\\/#website\",\"url\":\"https:\\\/\\\/marta-belles.com\\\/es\\\/\",\"name\":\"Marta Bell\u00e9s\",\"description\":\"Marta Bell\u00e9s\",\"publisher\":{\"@id\":\"https:\\\/\\\/marta-belles.com\\\/es\\\/#organization\"},\"potentialAction\":[{\"@type\":\"SearchAction\",\"target\":{\"@type\":\"EntryPoint\",\"urlTemplate\":\"https:\\\/\\\/marta-belles.com\\\/es\\\/?s={search_term_string}\"},\"query-input\":{\"@type\":\"PropertyValueSpecification\",\"valueRequired\":true,\"valueName\":\"search_term_string\"}}],\"inLanguage\":\"es\"},{\"@type\":\"Organization\",\"@id\":\"https:\\\/\\\/marta-belles.com\\\/es\\\/#organization\",\"name\":\"Marta Bell\u00e9s\",\"url\":\"https:\\\/\\\/marta-belles.com\\\/es\\\/\",\"logo\":{\"@type\":\"ImageObject\",\"inLanguage\":\"es\",\"@id\":\"https:\\\/\\\/marta-belles.com\\\/es\\\/#\\\/schema\\\/logo\\\/image\\\/\",\"url\":\"https:\\\/\\\/marta-belles.com\\\/wp-content\\\/uploads\\\/2021\\\/10\\\/MB-blanc-1.svg\",\"contentUrl\":\"https:\\\/\\\/marta-belles.com\\\/wp-content\\\/uploads\\\/2021\\\/10\\\/MB-blanc-1.svg\",\"width\":500,\"height\":500,\"caption\":\"Marta Bell\u00e9s\"},\"image\":{\"@id\":\"https:\\\/\\\/marta-belles.com\\\/es\\\/#\\\/schema\\\/logo\\\/image\\\/\"}}]}<\/script>\n<!-- \/ Yoast SEO plugin. -->","yoast_head_json":{"title":"\u25b7SERVICIOS - \u3010 Marta Bell\u00e9s \u3011","description":"Servicios Consultor\u00eda en criptograf\u00eda y privacidad Ofrezco consultor\u00eda experta en protocolos criptogr\u00e1ficos y tecnolog\u00edas que mejoran la privacidad, \u2713","robots":{"index":"index","follow":"follow","max-snippet":"max-snippet:-1","max-image-preview":"max-image-preview:large","max-video-preview":"max-video-preview:-1"},"canonical":"https:\/\/marta-belles.com\/es\/servicios\/","og_locale":"es_ES","og_type":"article","og_title":"\u25b7SERVICIOS - \u3010 Marta Bell\u00e9s \u3011","og_description":"Servicios Consultor\u00eda en criptograf\u00eda y privacidad Ofrezco consultor\u00eda experta en protocolos criptogr\u00e1ficos y tecnolog\u00edas que mejoran la privacidad, \u2713","og_url":"https:\/\/marta-belles.com\/es\/servicios\/","og_site_name":"Marta Bell\u00e9s","article_modified_time":"2025-12-19T07:36:57+00:00","twitter_card":"summary_large_image","twitter_misc":{"Tiempo de lectura":"1 minuto"},"schema":{"@context":"https:\/\/schema.org","@graph":[{"@type":"WebPage","@id":"https:\/\/marta-belles.com\/es\/servicios\/","url":"https:\/\/marta-belles.com\/es\/servicios\/","name":"\u25b7SERVICIOS - \u3010 Marta Bell\u00e9s \u3011","isPartOf":{"@id":"https:\/\/marta-belles.com\/es\/#website"},"datePublished":"2025-11-06T09:31:53+00:00","dateModified":"2025-12-19T07:36:57+00:00","description":"Servicios Consultor\u00eda en criptograf\u00eda y privacidad Ofrezco consultor\u00eda experta en protocolos criptogr\u00e1ficos y tecnolog\u00edas que mejoran la privacidad, \u2713","breadcrumb":{"@id":"https:\/\/marta-belles.com\/es\/servicios\/#breadcrumb"},"inLanguage":"es","potentialAction":[{"@type":"ReadAction","target":["https:\/\/marta-belles.com\/es\/servicios\/"]}]},{"@type":"BreadcrumbList","@id":"https:\/\/marta-belles.com\/es\/servicios\/#breadcrumb","itemListElement":[{"@type":"ListItem","position":1,"name":"Portada","item":"https:\/\/marta-belles.com\/es\/inicio\/"},{"@type":"ListItem","position":2,"name":"SERVICIOS"}]},{"@type":"WebSite","@id":"https:\/\/marta-belles.com\/es\/#website","url":"https:\/\/marta-belles.com\/es\/","name":"Marta Bell\u00e9s","description":"Marta Bell\u00e9s","publisher":{"@id":"https:\/\/marta-belles.com\/es\/#organization"},"potentialAction":[{"@type":"SearchAction","target":{"@type":"EntryPoint","urlTemplate":"https:\/\/marta-belles.com\/es\/?s={search_term_string}"},"query-input":{"@type":"PropertyValueSpecification","valueRequired":true,"valueName":"search_term_string"}}],"inLanguage":"es"},{"@type":"Organization","@id":"https:\/\/marta-belles.com\/es\/#organization","name":"Marta Bell\u00e9s","url":"https:\/\/marta-belles.com\/es\/","logo":{"@type":"ImageObject","inLanguage":"es","@id":"https:\/\/marta-belles.com\/es\/#\/schema\/logo\/image\/","url":"https:\/\/marta-belles.com\/wp-content\/uploads\/2021\/10\/MB-blanc-1.svg","contentUrl":"https:\/\/marta-belles.com\/wp-content\/uploads\/2021\/10\/MB-blanc-1.svg","width":500,"height":500,"caption":"Marta Bell\u00e9s"},"image":{"@id":"https:\/\/marta-belles.com\/es\/#\/schema\/logo\/image\/"}}]}},"_links":{"self":[{"href":"https:\/\/marta-belles.com\/es\/wp-json\/wp\/v2\/pages\/1781","targetHints":{"allow":["GET"]}}],"collection":[{"href":"https:\/\/marta-belles.com\/es\/wp-json\/wp\/v2\/pages"}],"about":[{"href":"https:\/\/marta-belles.com\/es\/wp-json\/wp\/v2\/types\/page"}],"author":[{"embeddable":true,"href":"https:\/\/marta-belles.com\/es\/wp-json\/wp\/v2\/users\/2"}],"replies":[{"embeddable":true,"href":"https:\/\/marta-belles.com\/es\/wp-json\/wp\/v2\/comments?post=1781"}],"version-history":[{"count":1,"href":"https:\/\/marta-belles.com\/es\/wp-json\/wp\/v2\/pages\/1781\/revisions"}],"predecessor-version":[{"id":1789,"href":"https:\/\/marta-belles.com\/es\/wp-json\/wp\/v2\/pages\/1781\/revisions\/1789"}],"wp:attachment":[{"href":"https:\/\/marta-belles.com\/es\/wp-json\/wp\/v2\/media?parent=1781"}],"curies":[{"name":"wp","href":"https:\/\/api.w.org\/{rel}","templated":true}]}}