{"id":1777,"date":"2023-06-16T15:36:55","date_gmt":"2023-06-16T13:36:55","guid":{"rendered":"https:\/\/marta-belles.com\/declaracion-de-accesibilidad\/"},"modified":"2025-12-19T08:36:57","modified_gmt":"2025-12-19T07:36:57","slug":"declaracion-de-accesibilidad","status":"publish","type":"page","link":"https:\/\/marta-belles.com\/es\/declaracion-de-accesibilidad\/","title":{"rendered":"DECLARACI\u00d3N DE ACCESIBILIDAD"},"content":{"rendered":"\t\t<div data-elementor-type=\"wp-page\" data-elementor-id=\"1777\" class=\"elementor elementor-1777 elementor-325\" data-elementor-post-type=\"page\">\n\t\t\t\t<div class=\"elementor-element elementor-element-388be2b e-flex e-con-boxed e-con e-parent\" data-id=\"388be2b\" data-element_type=\"container\" data-e-type=\"container\">\n\t\t\t\t\t<div class=\"e-con-inner\">\n\t\t\t\t<div class=\"elementor-element elementor-element-494fd30 elementor-widget elementor-widget-heading\" data-id=\"494fd30\" data-element_type=\"widget\" data-e-type=\"widget\" data-widget_type=\"heading.default\">\n\t\t\t\t<div class=\"elementor-widget-container\">\n\t\t\t\t\t<h1 class=\"elementor-heading-title elementor-size-default\">DECLARACI\u00d3N DE ACCESIBILIDAD<\/h1>\t\t\t\t<\/div>\n\t\t\t\t<\/div>\n\t\t\t\t<div class=\"elementor-element elementor-element-829b1e9 elementor-widget elementor-widget-text-editor\" data-id=\"829b1e9\" data-element_type=\"widget\" data-e-type=\"widget\" data-widget_type=\"text-editor.default\">\n\t\t\t\t<div class=\"elementor-widget-container\">\n\t\t\t\t\t\t\t\t\t<h1 data-start=\"80\" data-end=\"109\"><strong data-start=\"82\" data-end=\"109\">DECLARACI\u00d3N DE ACCESIBILIDAD<\/strong><\/h1><p data-start=\"111\" data-end=\"382\">La empresa <strong data-start=\"123\" data-end=\"139\">Marta Bell\u00e9s<\/strong> se compromete a hacer que su sitio web sea accesible de acuerdo con el <strong data-start=\"205\" data-end=\"231\">Real Decreto 1112\/2018<\/strong>, de 7 de septiembre, sobre la accesibilidad de los sitios web y aplicaciones m\u00f3viles del sector p\u00fablico, o desarrollos financiados por la Uni\u00f3n Europea.<\/p><p data-start=\"384\" data-end=\"538\">Esta declaraci\u00f3n de accesibilidad se aplica al sitio web <a class=\"decorated-link\" href=\"https:\/\/marta-belles.com\/es\/\" target=\"_new\" rel=\"noopener\" data-start=\"436\" data-end=\"490\">https:\/\/marta-belles.com\/<\/a>, excluyendo el contenido incrustado de otros dominios.<\/p><h2 data-start=\"540\" data-end=\"566\"><strong data-start=\"543\" data-end=\"564\">Estado de cumplimiento<\/strong><\/h2><p data-start=\"567\" data-end=\"663\">Este sitio web es <strong data-start=\"583\" data-end=\"607\">Parcialmente Conforme<\/strong> con el RD 1112\/2018 debido a las no conformidades que se enumeran a continuaci\u00f3n.<\/p><h2 data-start=\"665\" data-end=\"696\"><strong data-start=\"668\" data-end=\"694\">Contenido no accesible<\/strong><\/h2><p data-start=\"698\" data-end=\"764\">El siguiente contenido no es accesible por las razones que se indican:<\/p><ul data-start=\"766\" data-end=\"1918\"><li data-start=\"766\" data-end=\"1502\"><p data-start=\"768\" data-end=\"793\"><strong data-start=\"768\" data-end=\"790\">Falta de conformidad<\/strong>:<\/p><ul data-start=\"796\" data-end=\"1502\"><li data-start=\"796\" data-end=\"930\"><p data-start=\"798\" data-end=\"930\">Algunas im\u00e1genes pueden carecer de texto alternativo o tener alternativas incorrectas \u2013 <strong data-start=\"869\" data-end=\"928\">Requisito 9.1.1.1 Contenido no textual UNE-EN 301549:2022<\/strong><\/p><\/li><li data-start=\"933\" data-end=\"1086\"><p data-start=\"935\" data-end=\"1086\">En los formularios, es posible que algunos campos no sean accesibles correctamente a trav\u00e9s de sistemas autom\u00e1ticos \u2013 <strong data-start=\"1016\" data-end=\"1084\">Requisito 9.1.3.5 Identificar el prop\u00f3sito de la entrada UNE-EN 301549:2022<\/strong><\/p><\/li><li data-start=\"1089\" data-end=\"1208\"><p data-start=\"1091\" data-end=\"1208\">Algunos elementos pueden tener un contraste insuficiente en ciertas p\u00e1ginas \u2013 <strong data-start=\"1155\" data-end=\"1206\">Requisito 9.1.4.3 Contraste UNE-EN 301549:2020<\/strong><\/p><\/li><li data-start=\"1211\" data-end=\"1336\"><p data-start=\"1213\" data-end=\"1336\">Algunos campos de formulario pueden carecer de etiquetas o tener etiquetas incorrectas \u2013 <strong data-start=\"1269\" data-end=\"1334\">Requisito 9.3.3.2 Etiquetas o instrucciones UNE-EN 301549:2022<\/strong><\/p><\/li><li data-start=\"1339\" data-end=\"1440\"><p data-start=\"1341\" data-end=\"1440\">Pueden existir algunos errores de an\u00e1lisis en el c\u00f3digo \u2013 <strong data-start=\"1385\" data-end=\"1438\">Requisito 9.4.1.1 Procesamiento UNE-EN 301549:2022<\/strong><\/p><\/li><li data-start=\"1443\" data-end=\"1502\"><p data-start=\"1445\" data-end=\"1502\">Puede haber errores de edici\u00f3n ocasionales en algunas p\u00e1ginas web.<\/p><\/li><\/ul><\/li><li data-start=\"1504\" data-end=\"1552\"><p data-start=\"1506\" data-end=\"1552\"><strong data-start=\"1506\" data-end=\"1533\">Carga desproporcionada<\/strong>: No aplicable.<\/p><\/li><li data-start=\"1554\" data-end=\"1918\"><p data-start=\"1556\" data-end=\"1614\"><strong data-start=\"1556\" data-end=\"1611\">Contenido fuera del alcance de la legislaci\u00f3n aplicable<\/strong>:<\/p><ul data-start=\"1617\" data-end=\"1918\"><li data-start=\"1617\" data-end=\"1750\"><p data-start=\"1619\" data-end=\"1750\">Es posible que algunos archivos de Office (PDF u otros formatos) publicados antes del 20 de septiembre de 2018 no cumplan totalmente con todos los requisitos de accesibilidad.<\/p><\/li><li data-start=\"1753\" data-end=\"1918\"><p data-start=\"1755\" data-end=\"1918\">Puede haber contenido de terceros no desarrollado por esta Unidad o bajo su control, como archivos de Office de diferentes agencias que deben publicarse en este sitio.<\/p><\/li><\/ul><\/li><\/ul><h2 data-start=\"1920\" data-end=\"1965\"><strong data-start=\"1923\" data-end=\"1963\">Observaciones e informaci\u00f3n de contacto<\/strong><\/h2><p data-start=\"1967\" data-end=\"2079\">Puede comunicarse con respecto a los requisitos de accesibilidad (<strong data-start=\"2025\" data-end=\"2059\">Art\u00edculo 10.2.a del RD 1112\/2018<\/strong>) para, por ejemplo:<\/p><ul data-start=\"2081\" data-end=\"2404\"><li data-start=\"2081\" data-end=\"2136\"><p data-start=\"2083\" data-end=\"2136\">Informar sobre cualquier posible incumplimiento por parte de este sitio web.<\/p><\/li><li data-start=\"2137\" data-end=\"2185\"><p data-start=\"2139\" data-end=\"2185\">Informar sobre otras dificultades de acceso al contenido.<\/p><\/li><li data-start=\"2186\" data-end=\"2404\"><p data-start=\"2188\" data-end=\"2404\">Enviar cualquier otra consulta o sugerencia sobre la accesibilidad del sitio web a trav\u00e9s de <strong data-start=\"2266\" data-end=\"2298\">correo electr\u00f3nico: <a class=\"decorated-link cursor-pointer\" href=\"mailto:martabelles@gmail.com\" rel=\"noopener\" data-start=\"2275\" data-end=\"2296\">martabelles@gmail.com<\/a><\/strong> o por tel\u00e9fono <strong data-start=\"2311\" data-end=\"2354\"><\/strong>, de 9:00 a 14:00, de lunes a viernes.<\/p><\/li><\/ul><p data-start=\"2406\" data-end=\"2423\">Puede presentar:<\/p><ul data-start=\"2425\" data-end=\"2749\"><li data-start=\"2425\" data-end=\"2500\"><p data-start=\"2427\" data-end=\"2500\">Una reclamaci\u00f3n relativa al cumplimiento de los requisitos del RD 1112\/2018.<\/p><\/li><li data-start=\"2501\" data-end=\"2749\"><p data-start=\"2503\" data-end=\"2552\">Una solicitud de informaci\u00f3n accesible relativa a:<\/p><ul data-start=\"2555\" data-end=\"2749\"><li data-start=\"2555\" data-end=\"2653\"><p data-start=\"2557\" data-end=\"2653\">Contenido que est\u00e1 excluido del \u00e1mbito de aplicaci\u00f3n del RD 1112\/2018 seg\u00fan el <strong data-start=\"2626\" data-end=\"2650\">Art\u00edculo 3, Secci\u00f3n 4<\/strong>.<\/p><\/li><li data-start=\"2656\" data-end=\"2749\"><p data-start=\"2658\" data-end=\"2749\">Contenido exento de los requisitos de accesibilidad debido a que impone una carga desproporcionada.<\/p><\/li><\/ul><\/li><\/ul><p data-start=\"2751\" data-end=\"2908\">En una solicitud de informaci\u00f3n accesible, debe especificar claramente los hechos, las razones y la solicitud para demostrar que se trata de una solicitud razonable y leg\u00edtima.<\/p>\t\t\t\t\t\t\t\t<\/div>\n\t\t\t\t<\/div>\n\t\t\t\t\t<\/div>\n\t\t\t\t<\/div>\n\t\t\t\t<\/div>\n\t\t","protected":false},"excerpt":{"rendered":"<p>DECLARACI\u00d3N DE ACCESIBILIDAD DECLARACI\u00d3N DE ACCESIBILIDAD La empresa Marta Bell\u00e9s se compromete a hacer que su sitio web sea accesible de acuerdo con el Real Decreto 1112\/2018, de 7 de septiembre, sobre la accesibilidad de los sitios web y aplicaciones m\u00f3viles del sector p\u00fablico, o desarrollos financiados por la Uni\u00f3n Europea. Esta declaraci\u00f3n de accesibilidad [&hellip;]<\/p>\n","protected":false},"author":2,"featured_media":0,"parent":0,"menu_order":0,"comment_status":"closed","ping_status":"closed","template":"","meta":{"_acf_changed":false,"inline_featured_image":false,"footnotes":""},"class_list":["post-1777","page","type-page","status-publish","hentry"],"acf":[],"yoast_head":"<!-- This site is optimized with the Yoast SEO plugin v27.4 - https:\/\/yoast.com\/product\/yoast-seo-wordpress\/ -->\n<title>\u25b7DECLARACI\u00d3N DE ACCESIBILIDAD - \u3010 Marta Bell\u00e9s \u3011<\/title>\n<meta name=\"description\" content=\"DECLARACI\u00d3N DE ACCESIBILIDAD DECLARACI\u00d3N DE ACCESIBILIDADLa empresa Marta Bell\u00e9s se compromete a hacer que su sitio web sea accesible de acuerdo con el \u2713\" \/>\n<meta name=\"robots\" content=\"noindex, nofollow\" \/>\n<meta property=\"og:locale\" content=\"es_ES\" \/>\n<meta property=\"og:type\" content=\"article\" \/>\n<meta property=\"og:title\" content=\"\u25b7DECLARACI\u00d3N DE ACCESIBILIDAD - \u3010 Marta Bell\u00e9s \u3011\" \/>\n<meta property=\"og:description\" content=\"DECLARACI\u00d3N DE ACCESIBILIDAD DECLARACI\u00d3N DE ACCESIBILIDADLa empresa Marta Bell\u00e9s se compromete a hacer que su sitio web sea accesible de acuerdo con el \u2713\" \/>\n<meta property=\"og:url\" content=\"https:\/\/marta-belles.com\/es\/declaracion-de-accesibilidad\/\" \/>\n<meta property=\"og:site_name\" content=\"Marta Bell\u00e9s\" \/>\n<meta property=\"article:modified_time\" content=\"2025-12-19T07:36:57+00:00\" \/>\n<meta name=\"twitter:card\" content=\"summary_large_image\" \/>\n<meta name=\"twitter:label1\" content=\"Tiempo de lectura\" \/>\n\t<meta name=\"twitter:data1\" content=\"2 minutos\" \/>\n<script type=\"application\/ld+json\" class=\"yoast-schema-graph\">{\"@context\":\"https:\\\/\\\/schema.org\",\"@graph\":[{\"@type\":\"WebPage\",\"@id\":\"https:\\\/\\\/marta-belles.com\\\/es\\\/declaracion-de-accesibilidad\\\/\",\"url\":\"https:\\\/\\\/marta-belles.com\\\/es\\\/declaracion-de-accesibilidad\\\/\",\"name\":\"\u25b7DECLARACI\u00d3N DE ACCESIBILIDAD - \u3010 Marta Bell\u00e9s \u3011\",\"isPartOf\":{\"@id\":\"https:\\\/\\\/marta-belles.com\\\/es\\\/#website\"},\"datePublished\":\"2023-06-16T13:36:55+00:00\",\"dateModified\":\"2025-12-19T07:36:57+00:00\",\"description\":\"DECLARACI\u00d3N DE ACCESIBILIDAD DECLARACI\u00d3N DE ACCESIBILIDADLa empresa Marta Bell\u00e9s se compromete a hacer que su sitio web sea accesible de acuerdo con el \u2713\",\"breadcrumb\":{\"@id\":\"https:\\\/\\\/marta-belles.com\\\/es\\\/declaracion-de-accesibilidad\\\/#breadcrumb\"},\"inLanguage\":\"es\",\"potentialAction\":[{\"@type\":\"ReadAction\",\"target\":[\"https:\\\/\\\/marta-belles.com\\\/es\\\/declaracion-de-accesibilidad\\\/\"]}]},{\"@type\":\"BreadcrumbList\",\"@id\":\"https:\\\/\\\/marta-belles.com\\\/es\\\/declaracion-de-accesibilidad\\\/#breadcrumb\",\"itemListElement\":[{\"@type\":\"ListItem\",\"position\":1,\"name\":\"Portada\",\"item\":\"https:\\\/\\\/marta-belles.com\\\/es\\\/inicio\\\/\"},{\"@type\":\"ListItem\",\"position\":2,\"name\":\"DECLARACI\u00d3N DE ACCESIBILIDAD\"}]},{\"@type\":\"WebSite\",\"@id\":\"https:\\\/\\\/marta-belles.com\\\/es\\\/#website\",\"url\":\"https:\\\/\\\/marta-belles.com\\\/es\\\/\",\"name\":\"Marta Bell\u00e9s\",\"description\":\"Marta Bell\u00e9s\",\"publisher\":{\"@id\":\"https:\\\/\\\/marta-belles.com\\\/es\\\/#organization\"},\"potentialAction\":[{\"@type\":\"SearchAction\",\"target\":{\"@type\":\"EntryPoint\",\"urlTemplate\":\"https:\\\/\\\/marta-belles.com\\\/es\\\/?s={search_term_string}\"},\"query-input\":{\"@type\":\"PropertyValueSpecification\",\"valueRequired\":true,\"valueName\":\"search_term_string\"}}],\"inLanguage\":\"es\"},{\"@type\":\"Organization\",\"@id\":\"https:\\\/\\\/marta-belles.com\\\/es\\\/#organization\",\"name\":\"Marta Bell\u00e9s\",\"url\":\"https:\\\/\\\/marta-belles.com\\\/es\\\/\",\"logo\":{\"@type\":\"ImageObject\",\"inLanguage\":\"es\",\"@id\":\"https:\\\/\\\/marta-belles.com\\\/es\\\/#\\\/schema\\\/logo\\\/image\\\/\",\"url\":\"https:\\\/\\\/marta-belles.com\\\/wp-content\\\/uploads\\\/2021\\\/10\\\/MB-blanc-1.svg\",\"contentUrl\":\"https:\\\/\\\/marta-belles.com\\\/wp-content\\\/uploads\\\/2021\\\/10\\\/MB-blanc-1.svg\",\"width\":500,\"height\":500,\"caption\":\"Marta Bell\u00e9s\"},\"image\":{\"@id\":\"https:\\\/\\\/marta-belles.com\\\/es\\\/#\\\/schema\\\/logo\\\/image\\\/\"}}]}<\/script>\n<!-- \/ Yoast SEO plugin. -->","yoast_head_json":{"title":"\u25b7DECLARACI\u00d3N DE ACCESIBILIDAD - \u3010 Marta Bell\u00e9s \u3011","description":"DECLARACI\u00d3N DE ACCESIBILIDAD DECLARACI\u00d3N DE ACCESIBILIDADLa empresa Marta Bell\u00e9s se compromete a hacer que su sitio web sea accesible de acuerdo con el \u2713","robots":{"index":"noindex","follow":"nofollow"},"og_locale":"es_ES","og_type":"article","og_title":"\u25b7DECLARACI\u00d3N DE ACCESIBILIDAD - \u3010 Marta Bell\u00e9s \u3011","og_description":"DECLARACI\u00d3N DE ACCESIBILIDAD DECLARACI\u00d3N DE ACCESIBILIDADLa empresa Marta Bell\u00e9s se compromete a hacer que su sitio web sea accesible de acuerdo con el \u2713","og_url":"https:\/\/marta-belles.com\/es\/declaracion-de-accesibilidad\/","og_site_name":"Marta Bell\u00e9s","article_modified_time":"2025-12-19T07:36:57+00:00","twitter_card":"summary_large_image","twitter_misc":{"Tiempo de lectura":"2 minutos"},"schema":{"@context":"https:\/\/schema.org","@graph":[{"@type":"WebPage","@id":"https:\/\/marta-belles.com\/es\/declaracion-de-accesibilidad\/","url":"https:\/\/marta-belles.com\/es\/declaracion-de-accesibilidad\/","name":"\u25b7DECLARACI\u00d3N DE ACCESIBILIDAD - \u3010 Marta Bell\u00e9s \u3011","isPartOf":{"@id":"https:\/\/marta-belles.com\/es\/#website"},"datePublished":"2023-06-16T13:36:55+00:00","dateModified":"2025-12-19T07:36:57+00:00","description":"DECLARACI\u00d3N DE ACCESIBILIDAD DECLARACI\u00d3N DE ACCESIBILIDADLa empresa Marta Bell\u00e9s se compromete a hacer que su sitio web sea accesible de acuerdo con el \u2713","breadcrumb":{"@id":"https:\/\/marta-belles.com\/es\/declaracion-de-accesibilidad\/#breadcrumb"},"inLanguage":"es","potentialAction":[{"@type":"ReadAction","target":["https:\/\/marta-belles.com\/es\/declaracion-de-accesibilidad\/"]}]},{"@type":"BreadcrumbList","@id":"https:\/\/marta-belles.com\/es\/declaracion-de-accesibilidad\/#breadcrumb","itemListElement":[{"@type":"ListItem","position":1,"name":"Portada","item":"https:\/\/marta-belles.com\/es\/inicio\/"},{"@type":"ListItem","position":2,"name":"DECLARACI\u00d3N DE ACCESIBILIDAD"}]},{"@type":"WebSite","@id":"https:\/\/marta-belles.com\/es\/#website","url":"https:\/\/marta-belles.com\/es\/","name":"Marta Bell\u00e9s","description":"Marta Bell\u00e9s","publisher":{"@id":"https:\/\/marta-belles.com\/es\/#organization"},"potentialAction":[{"@type":"SearchAction","target":{"@type":"EntryPoint","urlTemplate":"https:\/\/marta-belles.com\/es\/?s={search_term_string}"},"query-input":{"@type":"PropertyValueSpecification","valueRequired":true,"valueName":"search_term_string"}}],"inLanguage":"es"},{"@type":"Organization","@id":"https:\/\/marta-belles.com\/es\/#organization","name":"Marta Bell\u00e9s","url":"https:\/\/marta-belles.com\/es\/","logo":{"@type":"ImageObject","inLanguage":"es","@id":"https:\/\/marta-belles.com\/es\/#\/schema\/logo\/image\/","url":"https:\/\/marta-belles.com\/wp-content\/uploads\/2021\/10\/MB-blanc-1.svg","contentUrl":"https:\/\/marta-belles.com\/wp-content\/uploads\/2021\/10\/MB-blanc-1.svg","width":500,"height":500,"caption":"Marta Bell\u00e9s"},"image":{"@id":"https:\/\/marta-belles.com\/es\/#\/schema\/logo\/image\/"}}]}},"_links":{"self":[{"href":"https:\/\/marta-belles.com\/es\/wp-json\/wp\/v2\/pages\/1777","targetHints":{"allow":["GET"]}}],"collection":[{"href":"https:\/\/marta-belles.com\/es\/wp-json\/wp\/v2\/pages"}],"about":[{"href":"https:\/\/marta-belles.com\/es\/wp-json\/wp\/v2\/types\/page"}],"author":[{"embeddable":true,"href":"https:\/\/marta-belles.com\/es\/wp-json\/wp\/v2\/users\/2"}],"replies":[{"embeddable":true,"href":"https:\/\/marta-belles.com\/es\/wp-json\/wp\/v2\/comments?post=1777"}],"version-history":[{"count":1,"href":"https:\/\/marta-belles.com\/es\/wp-json\/wp\/v2\/pages\/1777\/revisions"}],"predecessor-version":[{"id":1778,"href":"https:\/\/marta-belles.com\/es\/wp-json\/wp\/v2\/pages\/1777\/revisions\/1778"}],"wp:attachment":[{"href":"https:\/\/marta-belles.com\/es\/wp-json\/wp\/v2\/media?parent=1777"}],"curies":[{"name":"wp","href":"https:\/\/api.w.org\/{rel}","templated":true}]}}