{"id":1760,"date":"2022-06-22T10:25:07","date_gmt":"2022-06-22T08:25:07","guid":{"rendered":"https:\/\/marta-belles.com\/inicio\/"},"modified":"2025-12-19T08:36:57","modified_gmt":"2025-12-19T07:36:57","slug":"inicio","status":"publish","type":"page","link":"https:\/\/marta-belles.com\/es\/","title":{"rendered":"INICIO"},"content":{"rendered":"\t\t<div data-elementor-type=\"wp-page\" data-elementor-id=\"1760\" class=\"elementor elementor-1760 elementor-111\" data-elementor-post-type=\"page\">\n\t\t\t\t<div class=\"elementor-element elementor-element-7249dec e-con-full e-flex e-con e-parent\" data-id=\"7249dec\" data-element_type=\"container\" data-e-type=\"container\" id=\"hero\" data-settings=\"{&quot;background_background&quot;:&quot;gradient&quot;}\">\n\t\t<div class=\"elementor-element elementor-element-2134b68 e-con-full e-flex e-con e-child\" data-id=\"2134b68\" data-element_type=\"container\" data-e-type=\"container\">\n\t\t<div class=\"elementor-element elementor-element-b9d833a e-con-full e-flex e-con e-child\" data-id=\"b9d833a\" data-element_type=\"container\" data-e-type=\"container\">\n\t\t\t\t<div class=\"elementor-element elementor-element-74079ee elementor-widget elementor-widget-heading\" data-id=\"74079ee\" data-element_type=\"widget\" data-e-type=\"widget\" data-widget_type=\"heading.default\">\n\t\t\t\t<div class=\"elementor-widget-container\">\n\t\t\t\t\t<h1 class=\"elementor-heading-title elementor-size-default\">marta bell\u00e9s<\/h1>\t\t\t\t<\/div>\n\t\t\t\t<\/div>\n\t\t\t\t<div class=\"elementor-element elementor-element-0f87e5a elementor-widget elementor-widget-text-editor\" data-id=\"0f87e5a\" data-element_type=\"widget\" data-e-type=\"widget\" data-widget_type=\"text-editor.default\">\n\t\t\t\t<div class=\"elementor-widget-container\">\n\t\t\t\t\t\t\t\t\t<p><span class=\"roles\"><br>investigadora en criptograf\u00eda<img decoding=\"async\" class=\"role-separator\" src=\"https:\/\/marta-belles.com\/wp-content\/uploads\/2025\/12\/Ellipse-16.svg\" alt=\"\">analista de blockchain<img decoding=\"async\" class=\"role-separator\" src=\"https:\/\/marta-belles.com\/wp-content\/uploads\/2025\/12\/Ellipse-16.svg\" alt=\"\">profesora acad\u00e9mica<br><\/span><\/p>\t\t\t\t\t\t\t\t<\/div>\n\t\t\t\t<\/div>\n\t\t\t\t<\/div>\n\t\t<div class=\"elementor-element elementor-element-4afd9cf e-con-full e-flex e-con e-child\" data-id=\"4afd9cf\" data-element_type=\"container\" data-e-type=\"container\">\n\t\t\t\t<div class=\"elementor-element elementor-element-96b0910 elementor-align-center button-arrow elementor-widget elementor-widget-button\" data-id=\"96b0910\" data-element_type=\"widget\" data-e-type=\"widget\" data-widget_type=\"button.default\">\n\t\t\t\t<div class=\"elementor-widget-container\">\n\t\t\t\t\t\t\t\t\t<div class=\"elementor-button-wrapper\">\n\t\t\t\t\t<a class=\"elementor-button elementor-button-link elementor-size-sm\" href=\"https:\/\/marta-belles.com\/es\/acerca-de\/\">\n\t\t\t\t\t\t<span class=\"elementor-button-content-wrapper\">\n\t\t\t\t\t\t<span class=\"elementor-button-icon\">\n\t\t\t\t<svg xmlns=\"http:\/\/www.w3.org\/2000\/svg\" width=\"10\" height=\"10\" viewBox=\"0 0 10 10\" fill=\"none\"><path d=\"M0.599609 8.59998L8.59961 0.599976M8.59961 0.599976H2.59961M8.59961 0.599976V6.59998\" stroke=\"#292929\" stroke-width=\"1.2\" stroke-linecap=\"round\" stroke-linejoin=\"round\"><\/path><\/svg>\t\t\t<\/span>\n\t\t\t\t\t\t\t\t\t<span class=\"elementor-button-text\">Explorar m\u00e1s<\/span>\n\t\t\t\t\t<\/span>\n\t\t\t\t\t<\/a>\n\t\t\t\t<\/div>\n\t\t\t\t\t\t\t\t<\/div>\n\t\t\t\t<\/div>\n\t\t<div class=\"elementor-element elementor-element-caacd42 e-con-full elementor-hidden-desktop elementor-hidden-tablet elementor-hidden-mobile e-flex e-con e-child\" data-id=\"caacd42\" data-element_type=\"container\" data-e-type=\"container\">\n\t\t\t\t<div class=\"elementor-element elementor-element-27e372f elementor-view-default elementor-widget elementor-widget-icon\" data-id=\"27e372f\" data-element_type=\"widget\" data-e-type=\"widget\" data-widget_type=\"icon.default\">\n\t\t\t\t<div class=\"elementor-widget-container\">\n\t\t\t\t\t\t\t<div class=\"elementor-icon-wrapper\">\n\t\t\t<div class=\"elementor-icon\">\n\t\t\t<i aria-hidden=\"true\" class=\"fab fa-twitter\"><\/i>\t\t\t<\/div>\n\t\t<\/div>\n\t\t\t\t\t\t<\/div>\n\t\t\t\t<\/div>\n\t\t\t\t<div class=\"elementor-element elementor-element-60a08d1 elementor-view-default elementor-widget elementor-widget-icon\" data-id=\"60a08d1\" data-element_type=\"widget\" data-e-type=\"widget\" data-widget_type=\"icon.default\">\n\t\t\t\t<div class=\"elementor-widget-container\">\n\t\t\t\t\t\t\t<div class=\"elementor-icon-wrapper\">\n\t\t\t<div class=\"elementor-icon\">\n\t\t\t<i aria-hidden=\"true\" class=\"fab fa-linkedin-in\"><\/i>\t\t\t<\/div>\n\t\t<\/div>\n\t\t\t\t\t\t<\/div>\n\t\t\t\t<\/div>\n\t\t\t\t<div class=\"elementor-element elementor-element-41531c0 elementor-view-default elementor-widget elementor-widget-icon\" data-id=\"41531c0\" data-element_type=\"widget\" data-e-type=\"widget\" data-widget_type=\"icon.default\">\n\t\t\t\t<div class=\"elementor-widget-container\">\n\t\t\t\t\t\t\t<div class=\"elementor-icon-wrapper\">\n\t\t\t<div class=\"elementor-icon\">\n\t\t\t<i aria-hidden=\"true\" class=\"fab fa-instagram\"><\/i>\t\t\t<\/div>\n\t\t<\/div>\n\t\t\t\t\t\t<\/div>\n\t\t\t\t<\/div>\n\t\t\t\t<div class=\"elementor-element elementor-element-487e40d elementor-view-default elementor-widget elementor-widget-icon\" data-id=\"487e40d\" data-element_type=\"widget\" data-e-type=\"widget\" data-widget_type=\"icon.default\">\n\t\t\t\t<div class=\"elementor-widget-container\">\n\t\t\t\t\t\t\t<div class=\"elementor-icon-wrapper\">\n\t\t\t<div class=\"elementor-icon\">\n\t\t\t<i aria-hidden=\"true\" class=\"fab fa-github\"><\/i>\t\t\t<\/div>\n\t\t<\/div>\n\t\t\t\t\t\t<\/div>\n\t\t\t\t<\/div>\n\t\t\t\t<\/div>\n\t\t\t\t<\/div>\n\t\t\t\t<\/div>\n\t\t\t\t<div class=\"elementor-element elementor-element-52309c9 elementor-absolute animated-slow elementor-invisible elementor-widget elementor-widget-image\" data-id=\"52309c9\" data-element_type=\"widget\" data-e-type=\"widget\" id=\"rotar-imagen\" data-settings=\"{&quot;_position&quot;:&quot;absolute&quot;,&quot;_animation&quot;:&quot;rotateIn&quot;,&quot;_animation_delay&quot;:200}\" data-widget_type=\"image.default\">\n\t\t\t\t<div class=\"elementor-widget-container\">\n\t\t\t\t\t\t\t\t\t\t\t\t\t\t\t<img fetchpriority=\"high\" decoding=\"async\" width=\"502\" height=\"503\" src=\"https:\/\/marta-belles.com\/wp-content\/uploads\/2025\/12\/text-1.png\" class=\"attachment-full size-full wp-image-1769\" alt=\"\" srcset=\"https:\/\/marta-belles.com\/wp-content\/uploads\/2025\/12\/text-1.png 502w, https:\/\/marta-belles.com\/wp-content\/uploads\/2025\/12\/text-1-300x300.png 300w, https:\/\/marta-belles.com\/wp-content\/uploads\/2025\/12\/text-1-150x150.png 150w, https:\/\/marta-belles.com\/wp-content\/uploads\/2025\/12\/text-1-180x180.png 180w, https:\/\/marta-belles.com\/wp-content\/uploads\/2025\/12\/text-1-360x361.png 360w\" sizes=\"(max-width: 502px) 100vw, 502px\" \/>\t\t\t\t\t\t\t\t\t\t\t\t\t\t\t<\/div>\n\t\t\t\t<\/div>\n\t\t\t\t<\/div>\n\t\t\t\t<\/div>\n\t\t","protected":false},"excerpt":{"rendered":"<p>marta bell\u00e9s investigadora en criptograf\u00edaanalista de blockchainprofesora acad\u00e9mica Explorar m\u00e1s<\/p>\n","protected":false},"author":2,"featured_media":0,"parent":0,"menu_order":0,"comment_status":"closed","ping_status":"closed","template":"","meta":{"_acf_changed":false,"inline_featured_image":false,"footnotes":""},"class_list":["post-1760","page","type-page","status-publish","hentry"],"acf":[],"yoast_head":"<!-- This site is optimized with the Yoast SEO plugin v27.4 - https:\/\/yoast.com\/product\/yoast-seo-wordpress\/ -->\n<title>\u25b7INICIO - \u3010 Marta Bell\u00e9s \u3011<\/title>\n<meta name=\"description\" content=\"marta bell\u00e9s    investigadora en criptograf\u00edaanalista de blockchainprofesora acad\u00e9mica             Explorar m\u00e1s \u2713\" \/>\n<meta name=\"robots\" content=\"index, follow, max-snippet:-1, max-image-preview:large, max-video-preview:-1\" \/>\n<link rel=\"canonical\" href=\"https:\/\/marta-belles.com\/es\/\" \/>\n<meta property=\"og:locale\" content=\"es_ES\" \/>\n<meta property=\"og:type\" content=\"article\" \/>\n<meta property=\"og:title\" content=\"\u25b7INICIO - \u3010 Marta Bell\u00e9s \u3011\" \/>\n<meta property=\"og:description\" content=\"marta bell\u00e9s    investigadora en criptograf\u00edaanalista de blockchainprofesora acad\u00e9mica             Explorar m\u00e1s \u2713\" \/>\n<meta property=\"og:url\" content=\"https:\/\/marta-belles.com\/es\/\" \/>\n<meta property=\"og:site_name\" content=\"Marta Bell\u00e9s\" \/>\n<meta property=\"article:modified_time\" content=\"2025-12-19T07:36:57+00:00\" \/>\n<meta property=\"og:image\" content=\"https:\/\/marta-belles.com\/wp-content\/uploads\/2025\/12\/Ellipse-16.svg\" \/>\n<meta name=\"twitter:card\" content=\"summary_large_image\" \/>\n<script type=\"application\/ld+json\" class=\"yoast-schema-graph\">{\"@context\":\"https:\\\/\\\/schema.org\",\"@graph\":[{\"@type\":\"WebPage\",\"@id\":\"https:\\\/\\\/marta-belles.com\\\/es\\\/\",\"url\":\"https:\\\/\\\/marta-belles.com\\\/es\\\/\",\"name\":\"\u25b7INICIO - \u3010 Marta Bell\u00e9s \u3011\",\"isPartOf\":{\"@id\":\"https:\\\/\\\/marta-belles.com\\\/es\\\/#website\"},\"primaryImageOfPage\":{\"@id\":\"https:\\\/\\\/marta-belles.com\\\/es\\\/#primaryimage\"},\"image\":{\"@id\":\"https:\\\/\\\/marta-belles.com\\\/es\\\/#primaryimage\"},\"thumbnailUrl\":\"https:\\\/\\\/marta-belles.com\\\/wp-content\\\/uploads\\\/2025\\\/12\\\/Ellipse-16.svg\",\"datePublished\":\"2022-06-22T08:25:07+00:00\",\"dateModified\":\"2025-12-19T07:36:57+00:00\",\"description\":\"marta bell\u00e9s investigadora en criptograf\u00edaanalista de blockchainprofesora acad\u00e9mica Explorar m\u00e1s \u2713\",\"breadcrumb\":{\"@id\":\"https:\\\/\\\/marta-belles.com\\\/es\\\/#breadcrumb\"},\"inLanguage\":\"es\",\"potentialAction\":[{\"@type\":\"ReadAction\",\"target\":[\"https:\\\/\\\/marta-belles.com\\\/es\\\/\"]}]},{\"@type\":\"ImageObject\",\"inLanguage\":\"es\",\"@id\":\"https:\\\/\\\/marta-belles.com\\\/es\\\/#primaryimage\",\"url\":\"https:\\\/\\\/marta-belles.com\\\/wp-content\\\/uploads\\\/2025\\\/12\\\/Ellipse-16.svg\",\"contentUrl\":\"https:\\\/\\\/marta-belles.com\\\/wp-content\\\/uploads\\\/2025\\\/12\\\/Ellipse-16.svg\"},{\"@type\":\"BreadcrumbList\",\"@id\":\"https:\\\/\\\/marta-belles.com\\\/es\\\/#breadcrumb\",\"itemListElement\":[{\"@type\":\"ListItem\",\"position\":1,\"name\":\"Portada\",\"item\":\"https:\\\/\\\/marta-belles.com\\\/es\\\/inicio\\\/\"},{\"@type\":\"ListItem\",\"position\":2,\"name\":\"INICIO\"}]},{\"@type\":\"WebSite\",\"@id\":\"https:\\\/\\\/marta-belles.com\\\/es\\\/#website\",\"url\":\"https:\\\/\\\/marta-belles.com\\\/es\\\/\",\"name\":\"Marta Bell\u00e9s\",\"description\":\"Marta Bell\u00e9s\",\"publisher\":{\"@id\":\"https:\\\/\\\/marta-belles.com\\\/es\\\/#organization\"},\"potentialAction\":[{\"@type\":\"SearchAction\",\"target\":{\"@type\":\"EntryPoint\",\"urlTemplate\":\"https:\\\/\\\/marta-belles.com\\\/es\\\/?s={search_term_string}\"},\"query-input\":{\"@type\":\"PropertyValueSpecification\",\"valueRequired\":true,\"valueName\":\"search_term_string\"}}],\"inLanguage\":\"es\"},{\"@type\":\"Organization\",\"@id\":\"https:\\\/\\\/marta-belles.com\\\/es\\\/#organization\",\"name\":\"Marta Bell\u00e9s\",\"url\":\"https:\\\/\\\/marta-belles.com\\\/es\\\/\",\"logo\":{\"@type\":\"ImageObject\",\"inLanguage\":\"es\",\"@id\":\"https:\\\/\\\/marta-belles.com\\\/es\\\/#\\\/schema\\\/logo\\\/image\\\/\",\"url\":\"https:\\\/\\\/marta-belles.com\\\/wp-content\\\/uploads\\\/2021\\\/10\\\/MB-blanc-1.svg\",\"contentUrl\":\"https:\\\/\\\/marta-belles.com\\\/wp-content\\\/uploads\\\/2021\\\/10\\\/MB-blanc-1.svg\",\"width\":500,\"height\":500,\"caption\":\"Marta Bell\u00e9s\"},\"image\":{\"@id\":\"https:\\\/\\\/marta-belles.com\\\/es\\\/#\\\/schema\\\/logo\\\/image\\\/\"}}]}<\/script>\n<!-- \/ Yoast SEO plugin. -->","yoast_head_json":{"title":"\u25b7INICIO - \u3010 Marta Bell\u00e9s \u3011","description":"marta bell\u00e9s    investigadora en criptograf\u00edaanalista de blockchainprofesora acad\u00e9mica             Explorar m\u00e1s \u2713","robots":{"index":"index","follow":"follow","max-snippet":"max-snippet:-1","max-image-preview":"max-image-preview:large","max-video-preview":"max-video-preview:-1"},"canonical":"https:\/\/marta-belles.com\/es\/","og_locale":"es_ES","og_type":"article","og_title":"\u25b7INICIO - \u3010 Marta Bell\u00e9s \u3011","og_description":"marta bell\u00e9s    investigadora en criptograf\u00edaanalista de blockchainprofesora acad\u00e9mica             Explorar m\u00e1s \u2713","og_url":"https:\/\/marta-belles.com\/es\/","og_site_name":"Marta Bell\u00e9s","article_modified_time":"2025-12-19T07:36:57+00:00","og_image":[{"url":"https:\/\/marta-belles.com\/wp-content\/uploads\/2025\/12\/Ellipse-16.svg","type":"","width":"","height":""}],"twitter_card":"summary_large_image","schema":{"@context":"https:\/\/schema.org","@graph":[{"@type":"WebPage","@id":"https:\/\/marta-belles.com\/es\/","url":"https:\/\/marta-belles.com\/es\/","name":"\u25b7INICIO - \u3010 Marta Bell\u00e9s \u3011","isPartOf":{"@id":"https:\/\/marta-belles.com\/es\/#website"},"primaryImageOfPage":{"@id":"https:\/\/marta-belles.com\/es\/#primaryimage"},"image":{"@id":"https:\/\/marta-belles.com\/es\/#primaryimage"},"thumbnailUrl":"https:\/\/marta-belles.com\/wp-content\/uploads\/2025\/12\/Ellipse-16.svg","datePublished":"2022-06-22T08:25:07+00:00","dateModified":"2025-12-19T07:36:57+00:00","description":"marta bell\u00e9s investigadora en criptograf\u00edaanalista de blockchainprofesora acad\u00e9mica Explorar m\u00e1s \u2713","breadcrumb":{"@id":"https:\/\/marta-belles.com\/es\/#breadcrumb"},"inLanguage":"es","potentialAction":[{"@type":"ReadAction","target":["https:\/\/marta-belles.com\/es\/"]}]},{"@type":"ImageObject","inLanguage":"es","@id":"https:\/\/marta-belles.com\/es\/#primaryimage","url":"https:\/\/marta-belles.com\/wp-content\/uploads\/2025\/12\/Ellipse-16.svg","contentUrl":"https:\/\/marta-belles.com\/wp-content\/uploads\/2025\/12\/Ellipse-16.svg"},{"@type":"BreadcrumbList","@id":"https:\/\/marta-belles.com\/es\/#breadcrumb","itemListElement":[{"@type":"ListItem","position":1,"name":"Portada","item":"https:\/\/marta-belles.com\/es\/inicio\/"},{"@type":"ListItem","position":2,"name":"INICIO"}]},{"@type":"WebSite","@id":"https:\/\/marta-belles.com\/es\/#website","url":"https:\/\/marta-belles.com\/es\/","name":"Marta Bell\u00e9s","description":"Marta Bell\u00e9s","publisher":{"@id":"https:\/\/marta-belles.com\/es\/#organization"},"potentialAction":[{"@type":"SearchAction","target":{"@type":"EntryPoint","urlTemplate":"https:\/\/marta-belles.com\/es\/?s={search_term_string}"},"query-input":{"@type":"PropertyValueSpecification","valueRequired":true,"valueName":"search_term_string"}}],"inLanguage":"es"},{"@type":"Organization","@id":"https:\/\/marta-belles.com\/es\/#organization","name":"Marta Bell\u00e9s","url":"https:\/\/marta-belles.com\/es\/","logo":{"@type":"ImageObject","inLanguage":"es","@id":"https:\/\/marta-belles.com\/es\/#\/schema\/logo\/image\/","url":"https:\/\/marta-belles.com\/wp-content\/uploads\/2021\/10\/MB-blanc-1.svg","contentUrl":"https:\/\/marta-belles.com\/wp-content\/uploads\/2021\/10\/MB-blanc-1.svg","width":500,"height":500,"caption":"Marta Bell\u00e9s"},"image":{"@id":"https:\/\/marta-belles.com\/es\/#\/schema\/logo\/image\/"}}]}},"_links":{"self":[{"href":"https:\/\/marta-belles.com\/es\/wp-json\/wp\/v2\/pages\/1760","targetHints":{"allow":["GET"]}}],"collection":[{"href":"https:\/\/marta-belles.com\/es\/wp-json\/wp\/v2\/pages"}],"about":[{"href":"https:\/\/marta-belles.com\/es\/wp-json\/wp\/v2\/types\/page"}],"author":[{"embeddable":true,"href":"https:\/\/marta-belles.com\/es\/wp-json\/wp\/v2\/users\/2"}],"replies":[{"embeddable":true,"href":"https:\/\/marta-belles.com\/es\/wp-json\/wp\/v2\/comments?post=1760"}],"version-history":[{"count":6,"href":"https:\/\/marta-belles.com\/es\/wp-json\/wp\/v2\/pages\/1760\/revisions"}],"predecessor-version":[{"id":1831,"href":"https:\/\/marta-belles.com\/es\/wp-json\/wp\/v2\/pages\/1760\/revisions\/1831"}],"wp:attachment":[{"href":"https:\/\/marta-belles.com\/es\/wp-json\/wp\/v2\/media?parent=1760"}],"curies":[{"name":"wp","href":"https:\/\/api.w.org\/{rel}","templated":true}]}}